{"id":1954,"date":"2023-11-15T13:48:42","date_gmt":"2023-11-15T13:48:42","guid":{"rendered":"https:\/\/canped.com\/?page_id=1954"},"modified":"2024-02-22T11:04:58","modified_gmt":"2024-02-22T11:04:58","slug":"couches-pour-adultes-au-toucher-textile-2","status":"publish","type":"page","link":"https:\/\/canped.com\/fr\/nos-produits\/couches-pour-adultes-au-toucher-textile-2\/","title":{"rendered":"Couche pour adulte avec bande de surface textile \u00e0 la taille (nuit)"},"content":{"rendered":"<div class=\"wpb-content-wrapper\"><p>[vc_row][vc_column width=\u00a0\u00bb1\/1&Prime;][uncode_block id=\u00a0\u00bb1210&Prime;][\/vc_column][\/vc_row][vc_row row_height_percent=\u00a0\u00bb0&Prime; override_padding=\u00a0\u00bbyes\u00a0\u00bb h_padding=\u00a0\u00bb2&Prime; top_padding=\u00a0\u00bb0&Prime; bottom_padding=\u00a0\u00bb2&Prime; overlay_alpha=\u00a0\u00bb50&Prime; gutter_size=\u00a0\u00bb4&Prime; column_width_percent=\u00a0\u00bb100&Prime; shift_y=\u00a0\u00bb0&Prime; z_index=\u00a0\u00bb0&Prime; inverted_device_order=\u00a0\u00bbyes\u00a0\u00bb uncode_shortcode_id=\u00a0\u00bb152972&Prime; css=\u00a0\u00bb.vc_custom_1688724104538{padding-top: 0px !important;}\u00a0\u00bb][vc_column column_width_percent=\u00a0\u00bb100&Prime; gutter_size=\u00a0\u00bb3&Prime; overlay_alpha=\u00a0\u00bb50&Prime; shift_x=\u00a0\u00bb0&Prime; shift_y=\u00a0\u00bb-2&Prime; shift_y_down=\u00a0\u00bb0&Prime; z_index=\u00a0\u00bb0&Prime; medium_width=\u00a0\u00bb0&Prime; mobile_width=\u00a0\u00bb0&Prime; width=\u00a0\u00bb1\/2&Prime; uncode_shortcode_id=\u00a0\u00bb390924&Prime;][vc_custom_heading auto_text=\u00a0\u00bbyes\u00a0\u00bb heading_semantic=\u00a0\u00bbh1&Prime; text_size=\u00a0\u00bbh1&Prime; uncode_shortcode_id=\u00a0\u00bb596347&Prime;]This is a custom heading element.[\/vc_custom_heading][acf_vc_integrator get_field_data_from=\u00a0\u00bb\u00a0\u00bb field_group=\u00a0\u00bb124&Prime; field_from_124=\u00a0\u00bbfield_64a69d79767a5&Prime; show_label=\u00a0\u00bbNo\u00a0\u00bb align=\u00a0\u00bbdefault\u00a0\u00bb gallery_columns=\u00a0\u00bb1&Prime; gm_show_placecard=\u00a0\u00bbdefault\u00a0\u00bb gm_map_type_control=\u00a0\u00bbdefault\u00a0\u00bb gm_fullscreen_control=\u00a0\u00bbdefault\u00a0\u00bb gm_street_view_control=\u00a0\u00bbdefault\u00a0\u00bb gm_zoom_control=\u00a0\u00bbdefault\u00a0\u00bb gm_scale=\u00a0\u00bbdefault\u00a0\u00bb hidden_field_name=\u00a0\u00bbTags\u00a0\u00bb][vc_raw_html el_class=\u00a0\u00bbbestseller\u00a0\u00bb]JTVCYmVzdHNlbGxlciU1RA==[\/vc_raw_html][vc_column_text uncode_shortcode_id=\u00a0\u00bb131850&Prime;]La couche pour adulte avec ceinturon (nuit) permet aux patients souffrant d&rsquo;incontinence urinaire de se sentir en s\u00e9curit\u00e9 la nuit gr\u00e2ce \u00e0 sa puissance d&rsquo;aspiration \u00e9lev\u00e9e personnalis\u00e9e.[\/vc_column_text][vc_column_text uncode_shortcode_id=\u00a0\u00bb163670&Prime;]<\/p>\n<ul>\n<li>La surface lat\u00e9rale du tissu est en textile doux et respire.<\/li>\n<li>Gr\u00e2ce \u00e0 sa texture particuli\u00e8re, il ne fait pas de bruit.<\/li>\n<li>Gr\u00e2ce \u00e0 sa couche absorbante tr\u00e8s r\u00e9sistante et \u00e0 sa densit\u00e9 accrue, il vous prot\u00e8ge contre les fuites toute la nuit.<\/li>\n<li>Il le garde en s\u00e9curit\u00e9 gr\u00e2ce \u00e0 ses barri\u00e8res anti-p\u00e9n\u00e9tration.<\/li>\n<li>Gr\u00e2ce \u00e0 ses barri\u00e8res anti-fuites, il assure la s\u00e9curit\u00e9 en \u00e9vitant les fuites.<\/li>\n<li>Gr\u00e2ce \u00e0 ses bandes lat\u00e9rales qui peuvent \u00eatre coll\u00e9es plusieurs fois, il offre une commodit\u00e9 \u00e0 ceux qui l&rsquo;utilisent.<\/li>\n<li>Il dispose d&rsquo;un indicateur d&rsquo;humidit\u00e9 qui indique l&rsquo;heure du changement de couche.<\/li>\n<li>Test\u00e9 dermatologiquement.<\/li>\n<\/ul>\n<p>[\/vc_column_text][vc_row_inner][vc_column_inner column_width_percent=\u00a0\u00bb100&Prime; gutter_size=\u00a0\u00bb2&Prime; overlay_alpha=\u00a0\u00bb50&Prime; shift_x=\u00a0\u00bb0&Prime; shift_y=\u00a0\u00bb0&Prime; shift_y_down=\u00a0\u00bb0&Prime; z_index=\u00a0\u00bb0&Prime; medium_width=\u00a0\u00bb0&Prime; mobile_width=\u00a0\u00bb0&Prime; width=\u00a0\u00bb1\/1&Prime; uncode_shortcode_id=\u00a0\u00bb769838&Prime;][vc_raw_html]JTVCc2l6ZV9hbmRfd2F0ZXJwcm9vZmluZ19zMSU1RCUwQSU1QnNpemVfYW5kX3dhdGVycHJvb2ZpbmdfczIlNUQlMEElNUJzaXplX2FuZF93YXRlcnByb29maW5nX3MzJTVEJTBBJTVCc2l6ZV9hbmRfd2F0ZXJwcm9vZmluZ19zNCU1RCUwQSU1QnNpemVfYW5kX3dhdGVycHJvb2ZpbmdfczUlNUQ=[\/vc_raw_html][\/vc_column_inner][\/vc_row_inner][\/vc_column][vc_column column_width_percent=\u00a0\u00bb100&Prime; gutter_size=\u00a0\u00bb0&Prime; override_padding=\u00a0\u00bbyes\u00a0\u00bb column_padding=\u00a0\u00bb0&Prime; overlay_alpha=\u00a0\u00bb50&Prime; shift_x=\u00a0\u00bb0&Prime; shift_y=\u00a0\u00bb2&Prime; shift_y_down=\u00a0\u00bb0&Prime; z_index=\u00a0\u00bb0&Prime; medium_width=\u00a0\u00bb0&Prime; mobile_width=\u00a0\u00bb0&Prime; sticky=\u00a0\u00bbyes\u00a0\u00bb radius=\u00a0\u00bbstd\u00a0\u00bb shadow=\u00a0\u00bbxs\u00a0\u00bb width=\u00a0\u00bb1\/2&Prime; uncode_shortcode_id=\u00a0\u00bb381904&Prime; back_color_type=\u00a0\u00bbuncode-solid\u00a0\u00bb el_class=\u00a0\u00bbproduct-gallery\u00a0\u00bb css=\u00a0\u00bb.vc_custom_1688723298591{padding-top: 72px !important;padding-bottom: 48px !important;}\u00a0\u00bb back_color_solid=\u00a0\u00bb#f7fbfe\u00a0\u00bb][vc_gallery el_id=\u00a0\u00bbgallery-570448&Prime; type=\u00a0\u00bbcarousel\u00a0\u00bb medias=\u00a0\u00bb882,884&Prime; carousel_lg=\u00a0\u00bb1&Prime; carousel_md=\u00a0\u00bb1&Prime; carousel_sm=\u00a0\u00bb1&Prime; thumb_size=\u00a0\u00bbone-one\u00a0\u00bb gutter_size=\u00a0\u00bb4&Prime; media_items=\u00a0\u00bbmedia|lightbox|original\u00a0\u00bb carousel_interval=\u00a0\u00bb3000&Prime; carousel_navspeed=\u00a0\u00bb400&Prime; carousel_loop=\u00a0\u00bbyes\u00a0\u00bb carousel_nav=\u00a0\u00bbyes\u00a0\u00bb carousel_nav_mobile=\u00a0\u00bbyes\u00a0\u00bb carousel_nav_skin=\u00a0\u00bbdark\u00a0\u00bb carousel_dots=\u00a0\u00bbyes\u00a0\u00bb carousel_dots_mobile=\u00a0\u00bbyes\u00a0\u00bb stage_padding=\u00a0\u00bb35&Prime; single_shape=\u00a0\u00bbround\u00a0\u00bb radius=\u00a0\u00bbstd\u00a0\u00bb single_overlay_opacity=\u00a0\u00bb1&Prime; single_overlay_anim=\u00a0\u00bbno\u00a0\u00bb single_text_anim=\u00a0\u00bbno\u00a0\u00bb single_padding=\u00a0\u00bb2&Prime; single_border=\u00a0\u00bbyes\u00a0\u00bb uncode_shortcode_id=\u00a0\u00bb142167&Prime;][\/vc_column][\/vc_row][vc_row row_height_percent=\u00a0\u00bb0&Prime; overlay_alpha=\u00a0\u00bb50&Prime; gutter_size=\u00a0\u00bb3&Prime; column_width_percent=\u00a0\u00bb100&Prime; shift_y=\u00a0\u00bb0&Prime; z_index=\u00a0\u00bb0&Prime; uncode_shortcode_id=\u00a0\u00bb113070&Prime;][vc_column column_width_percent=\u00a0\u00bb100&Prime; align_horizontal=\u00a0\u00bbalign_center\u00a0\u00bb gutter_size=\u00a0\u00bb3&Prime; overlay_alpha=\u00a0\u00bb50&Prime; shift_x=\u00a0\u00bb0&Prime; shift_y=\u00a0\u00bb0&Prime; shift_y_down=\u00a0\u00bb0&Prime; z_index=\u00a0\u00bb0&Prime; medium_width=\u00a0\u00bb0&Prime; mobile_width=\u00a0\u00bb0&Prime; width=\u00a0\u00bb1\/1&Prime; uncode_shortcode_id=\u00a0\u00bb656706&Prime;][vc_custom_heading uncode_shortcode_id=\u00a0\u00bb193004&Prime;]<em>Propri\u00e9t\u00e9s<\/em>[\/vc_custom_heading][vc_row_inner][vc_column_inner width=\u00a0\u00bb1\/2&Prime;][vc_icon position=\u00a0\u00bbleft\u00a0\u00bb space_reduced=\u00a0\u00bbyes\u00a0\u00bb icon_image=\u00a0\u00bb120&Prime; heading_semantic=\u00a0\u00bbh5&Prime; text_size=\u00a0\u00bbh5&Prime; text_weight=\u00a0\u00bb700&Prime; uncode_shortcode_id=\u00a0\u00bb147188&Prime; title=\u00a0\u00bbPuissance d&rsquo;aspiration sup\u00e9rieure\u00a0\u00bb][\/vc_icon][\/vc_column_inner][vc_column_inner width=\u00a0\u00bb1\/2&Prime;][vc_icon position=\u00a0\u00bbleft\u00a0\u00bb space_reduced=\u00a0\u00bbyes\u00a0\u00bb icon_image=\u00a0\u00bb118&Prime; heading_semantic=\u00a0\u00bbh5&Prime; text_size=\u00a0\u00bbh5&Prime; text_weight=\u00a0\u00bb700&Prime; uncode_shortcode_id=\u00a0\u00bb202108&Prime; title=\u00a0\u00bbDistribution \u00e9quilibr\u00e9e des fluides\u00a0\u00bb][\/vc_icon][\/vc_column_inner][\/vc_row_inner][vc_row_inner][vc_column_inner width=\u00a0\u00bb1\/2&Prime;][vc_icon position=\u00a0\u00bbleft\u00a0\u00bb space_reduced=\u00a0\u00bbyes\u00a0\u00bb icon_image=\u00a0\u00bb117&Prime; heading_semantic=\u00a0\u00bbh5&Prime; text_size=\u00a0\u00bbh5&Prime; text_weight=\u00a0\u00bb700&Prime; uncode_shortcode_id=\u00a0\u00bb101175&Prime; title=\u00a0\u00bbSurface textile respirante\u00a0\u00bb][\/vc_icon][\/vc_column_inner][vc_column_inner width=\u00a0\u00bb1\/2&Prime;][vc_icon position=\u00a0\u00bbleft\u00a0\u00bb space_reduced=\u00a0\u00bbyes\u00a0\u00bb icon_image=\u00a0\u00bb119&Prime; heading_semantic=\u00a0\u00bbh5&Prime; text_size=\u00a0\u00bbh5&Prime; text_weight=\u00a0\u00bb700&Prime; uncode_shortcode_id=\u00a0\u00bb112167&Prime; title=\u00a0\u00bbOdeur et \u00e9tanch\u00e9it\u00e9 aux liquides\u00a0\u00bb][\/vc_icon][\/vc_column_inner][\/vc_row_inner][\/vc_column][\/vc_row][vc_row][vc_column column_width_percent=\u00a0\u00bb100&Prime; align_horizontal=\u00a0\u00bbalign_center\u00a0\u00bb gutter_size=\u00a0\u00bb3&Prime; overlay_alpha=\u00a0\u00bb50&Prime; shift_x=\u00a0\u00bb0&Prime; shift_y=\u00a0\u00bb0&Prime; shift_y_down=\u00a0\u00bb0&Prime; z_index=\u00a0\u00bb0&Prime; medium_width=\u00a0\u00bb0&Prime; mobile_width=\u00a0\u00bb0&Prime; width=\u00a0\u00bb1\/1&Prime; uncode_shortcode_id=\u00a0\u00bb986661&Prime;][vc_custom_heading uncode_shortcode_id=\u00a0\u00bb518926&Prime;]Mode d&rsquo;<em>utilisation<\/em>.[\/vc_custom_heading][vc_empty_space empty_h=\u00a0\u00bb1&Prime;][vc_row_inner][vc_column_inner column_width_percent=\u00a0\u00bb100&Prime; gutter_size=\u00a0\u00bb1&Prime; overlay_alpha=\u00a0\u00bb50&Prime; shift_x=\u00a0\u00bb0&Prime; shift_y=\u00a0\u00bb0&Prime; shift_y_down=\u00a0\u00bb0&Prime; z_index=\u00a0\u00bb0&Prime; medium_width=\u00a0\u00bb0&Prime; mobile_width=\u00a0\u00bb0&Prime; width=\u00a0\u00bb1\/3&Prime; uncode_shortcode_id=\u00a0\u00bb172115&Prime;][vc_single_image media=\u00a0\u00bb160&Prime; media_width_use_pixel=\u00a0\u00bbyes\u00a0\u00bb alignment=\u00a0\u00bbcenter\u00a0\u00bb uncode_shortcode_id=\u00a0\u00bb463633&Prime; media_width_pixel=\u00a0\u00bb100&Prime;][vc_empty_space empty_h=\u00a0\u00bb0&Prime;][vc_column_text uncode_shortcode_id=\u00a0\u00bb132033&Prime;]&rsquo;Ouvrez le pad comme indiqu\u00e9 (avant et arri\u00e8re).[\/vc_column_text][\/vc_column_inner][vc_column_inner column_width_percent=\u00a0\u00bb100&Prime; gutter_size=\u00a0\u00bb1&Prime; overlay_alpha=\u00a0\u00bb50&Prime; shift_x=\u00a0\u00bb0&Prime; shift_y=\u00a0\u00bb0&Prime; shift_y_down=\u00a0\u00bb0&Prime; z_index=\u00a0\u00bb0&Prime; medium_width=\u00a0\u00bb0&Prime; mobile_width=\u00a0\u00bb0&Prime; width=\u00a0\u00bb1\/3&Prime; uncode_shortcode_id=\u00a0\u00bb128932&Prime;][vc_single_image media=\u00a0\u00bb159&Prime; media_width_use_pixel=\u00a0\u00bbyes\u00a0\u00bb alignment=\u00a0\u00bbcenter\u00a0\u00bb uncode_shortcode_id=\u00a0\u00bb207036&Prime; media_width_pixel=\u00a0\u00bb100&Prime;][vc_empty_space empty_h=\u00a0\u00bb0&Prime;][vc_column_text uncode_shortcode_id=\u00a0\u00bb798701&Prime;]Placez la couche de mani\u00e8re \u00e0 faire passer les bandes par les jambes, avec le c\u00f4t\u00e9 o\u00f9 se trouvent les bandes vers l&rsquo;arri\u00e8re du corps.[\/vc_column_text][vc_custom_heading text_color=\u00a0\u00bbcolor-wvjs\u00a0\u00bb heading_semantic=\u00a0\u00bbp\u00a0\u00bb text_size=\u00a0\u00bbfontsize-884945&Prime; text_weight=\u00a0\u00bb400&Prime; uncode_shortcode_id=\u00a0\u00bb753815&Prime; text_color_type=\u00a0\u00bbuncode-palette\u00a0\u00bb]Faites attention \u00e0 ce que vos mains soient propres et sans poudre lorsque vous tenez les bandes.[\/vc_custom_heading][\/vc_column_inner][vc_column_inner column_width_percent=\u00a0\u00bb100&Prime; gutter_size=\u00a0\u00bb1&Prime; overlay_alpha=\u00a0\u00bb50&Prime; shift_x=\u00a0\u00bb0&Prime; shift_y=\u00a0\u00bb0&Prime; shift_y_down=\u00a0\u00bb0&Prime; z_index=\u00a0\u00bb0&Prime; medium_width=\u00a0\u00bb0&Prime; mobile_width=\u00a0\u00bb0&Prime; width=\u00a0\u00bb1\/3&Prime; uncode_shortcode_id=\u00a0\u00bb345561&Prime;][vc_single_image media=\u00a0\u00bb161&Prime; media_width_use_pixel=\u00a0\u00bbyes\u00a0\u00bb alignment=\u00a0\u00bbcenter\u00a0\u00bb uncode_shortcode_id=\u00a0\u00bb104432&Prime; media_width_pixel=\u00a0\u00bb200&Prime;][vc_empty_space empty_h=\u00a0\u00bb0&Prime;][vc_column_text uncode_shortcode_id=\u00a0\u00bb261625&Prime;]Ajustez la couche en fonction de la taille de la personne et collez les bandes sur le devant de la couche.[\/vc_column_text][\/vc_column_inner][\/vc_row_inner][\/vc_column][\/vc_row][vc_row][vc_column width=\u00a0\u00bb1\/1&Prime;][uncode_block id=\u00a0\u00bb1209&Prime;][\/vc_column][\/vc_row]<\/p>\n<\/div>","protected":false},"excerpt":{"rendered":"<p>[vc_row][vc_column width=\u00a0\u00bb1\/1&Prime;][uncode_block id=\u00a0\u00bb1210&Prime;][\/vc_column][\/vc_row][vc_row row_height_percent=\u00a0\u00bb0&Prime; override_padding=\u00a0\u00bbyes\u00a0\u00bb h_padding=\u00a0\u00bb2&Prime; top_padding=\u00a0\u00bb0&Prime; bottom_padding=\u00a0\u00bb2&Prime; overlay_alpha=\u00a0\u00bb50&Prime; gutter_size=\u00a0\u00bb4&Prime; column_width_percent=\u00a0\u00bb100&Prime; shift_y=\u00a0\u00bb0&Prime; z_index=\u00a0\u00bb0&Prime; inverted_device_order=\u00a0\u00bbyes\u00a0\u00bb uncode_shortcode_id=\u00a0\u00bb152972&Prime; css=\u00a0\u00bb.vc_custom_1688724104538{padding-top: 0px !important;}\u00a0\u00bb][vc_column column_width_percent=\u00a0\u00bb100&Prime; gutter_size=\u00a0\u00bb3&Prime; [&hellip;]<\/p>\n","protected":false},"author":20,"featured_media":2076,"parent":1269,"menu_order":0,"comment_status":"closed","ping_status":"closed","template":"","meta":{"_acf_changed":false,"footnotes":""},"product-tags":[],"size":[],"class_list":["post-1954","page","type-page","status-publish","has-post-thumbnail","hentry","page_category-adultes"],"acf":[],"yoast_head":"<!-- This site is optimized with the Yoast SEO Premium plugin v26.9 (Yoast SEO v27.4) - https:\/\/yoast.com\/product\/yoast-seo-premium-wordpress\/ -->\n<title>Couche pour adulte avec bande de surface textile \u00e0 la taille (nuit) &#183; Canped<\/title>\n<meta name=\"robots\" content=\"index, follow, max-snippet:-1, max-image-preview:large, max-video-preview:-1\" \/>\n<link rel=\"canonical\" href=\"https:\/\/canped.com\/fr\/nos-produits\/couches-pour-adultes-au-toucher-textile-2\/\" \/>\n<meta property=\"og:locale\" content=\"fr_FR\" \/>\n<meta property=\"og:type\" content=\"article\" \/>\n<meta property=\"og:title\" content=\"Couche pour adulte avec bande de surface textile \u00e0 la taille (nuit)\" \/>\n<meta property=\"og:description\" content=\"[vc_row][vc_column width=\u00a0\u00bb1\/1&Prime;][uncode_block id=\u00a0\u00bb1210&Prime;][\/vc_column][\/vc_row][vc_row row_height_percent=\u00a0\u00bb0&Prime; override_padding=\u00a0\u00bbyes\u00a0\u00bb h_padding=\u00a0\u00bb2&Prime; top_padding=\u00a0\u00bb0&Prime; bottom_padding=\u00a0\u00bb2&Prime; overlay_alpha=\u00a0\u00bb50&Prime; gutter_size=\u00a0\u00bb4&Prime; column_width_percent=\u00a0\u00bb100&Prime; shift_y=\u00a0\u00bb0&Prime; z_index=\u00a0\u00bb0&Prime; inverted_device_order=\u00a0\u00bbyes\u00a0\u00bb uncode_shortcode_id=\u00a0\u00bb152972&Prime; css=\u00a0\u00bb.vc_custom_1688724104538{padding-top: 0px !important;}\u00a0\u00bb][vc_column column_width_percent=\u00a0\u00bb100&Prime; gutter_size=\u00a0\u00bb3&Prime; [&hellip;]\" \/>\n<meta property=\"og:url\" content=\"https:\/\/canped.com\/fr\/nos-produits\/couches-pour-adultes-au-toucher-textile-2\/\" \/>\n<meta property=\"og:site_name\" content=\"Canped\" \/>\n<meta property=\"article:publisher\" content=\"https:\/\/www.facebook.com\/riskalmacanpedal\/\" \/>\n<meta property=\"article:modified_time\" content=\"2024-02-22T11:04:58+00:00\" \/>\n<meta property=\"og:image\" content=\"https:\/\/canped.com\/wp-content\/uploads\/2023\/12\/canpe.jpg\" \/>\n\t<meta property=\"og:image:width\" content=\"1000\" \/>\n\t<meta property=\"og:image:height\" content=\"1000\" \/>\n\t<meta property=\"og:image:type\" content=\"image\/jpeg\" \/>\n<meta name=\"twitter:card\" content=\"summary_large_image\" \/>\n<meta name=\"twitter:label1\" content=\"Dur\u00e9e de lecture estim\u00e9e\" \/>\n\t<meta name=\"twitter:data1\" content=\"3 minutes\" \/>\n<script type=\"application\/ld+json\" class=\"yoast-schema-graph\">{\"@context\":\"https:\\\/\\\/schema.org\",\"@graph\":[{\"@type\":\"WebPage\",\"@id\":\"https:\\\/\\\/canped.com\\\/fr\\\/nos-produits\\\/couches-pour-adultes-au-toucher-textile-2\\\/\",\"url\":\"https:\\\/\\\/canped.com\\\/fr\\\/nos-produits\\\/couches-pour-adultes-au-toucher-textile-2\\\/\",\"name\":\"Couche pour adulte avec bande de surface textile \u00e0 la taille (nuit) &#183; Canped\",\"isPartOf\":{\"@id\":\"https:\\\/\\\/canped.com\\\/fr\\\/#website\"},\"primaryImageOfPage\":{\"@id\":\"https:\\\/\\\/canped.com\\\/fr\\\/nos-produits\\\/couches-pour-adultes-au-toucher-textile-2\\\/#primaryimage\"},\"image\":{\"@id\":\"https:\\\/\\\/canped.com\\\/fr\\\/nos-produits\\\/couches-pour-adultes-au-toucher-textile-2\\\/#primaryimage\"},\"thumbnailUrl\":\"https:\\\/\\\/canped.com\\\/wp-content\\\/uploads\\\/2023\\\/12\\\/canpe.jpg\",\"datePublished\":\"2023-11-15T13:48:42+00:00\",\"dateModified\":\"2024-02-22T11:04:58+00:00\",\"breadcrumb\":{\"@id\":\"https:\\\/\\\/canped.com\\\/fr\\\/nos-produits\\\/couches-pour-adultes-au-toucher-textile-2\\\/#breadcrumb\"},\"inLanguage\":\"fr-FR\",\"potentialAction\":[{\"@type\":\"ReadAction\",\"target\":[\"https:\\\/\\\/canped.com\\\/fr\\\/nos-produits\\\/couches-pour-adultes-au-toucher-textile-2\\\/\"]}]},{\"@type\":\"ImageObject\",\"inLanguage\":\"fr-FR\",\"@id\":\"https:\\\/\\\/canped.com\\\/fr\\\/nos-produits\\\/couches-pour-adultes-au-toucher-textile-2\\\/#primaryimage\",\"url\":\"https:\\\/\\\/canped.com\\\/wp-content\\\/uploads\\\/2023\\\/12\\\/canpe.jpg\",\"contentUrl\":\"https:\\\/\\\/canped.com\\\/wp-content\\\/uploads\\\/2023\\\/12\\\/canpe.jpg\",\"width\":1000,\"height\":1000},{\"@type\":\"BreadcrumbList\",\"@id\":\"https:\\\/\\\/canped.com\\\/fr\\\/nos-produits\\\/couches-pour-adultes-au-toucher-textile-2\\\/#breadcrumb\",\"itemListElement\":[{\"@type\":\"ListItem\",\"position\":1,\"name\":\"Accueil\",\"item\":\"https:\\\/\\\/canped.com\\\/fr\\\/\"},{\"@type\":\"ListItem\",\"position\":2,\"name\":\"Nos produits\",\"item\":\"https:\\\/\\\/canped.com\\\/fr\\\/nos-produits\\\/\"},{\"@type\":\"ListItem\",\"position\":3,\"name\":\"Couche pour adulte avec bande de surface textile \u00e0 la taille (nuit)\"}]},{\"@type\":\"WebSite\",\"@id\":\"https:\\\/\\\/canped.com\\\/fr\\\/#website\",\"url\":\"https:\\\/\\\/canped.com\\\/fr\\\/\",\"name\":\"Canped\",\"description\":\"Canped\",\"publisher\":{\"@id\":\"https:\\\/\\\/canped.com\\\/fr\\\/#organization\"},\"potentialAction\":[{\"@type\":\"SearchAction\",\"target\":{\"@type\":\"EntryPoint\",\"urlTemplate\":\"https:\\\/\\\/canped.com\\\/fr\\\/?s={search_term_string}\"},\"query-input\":{\"@type\":\"PropertyValueSpecification\",\"valueRequired\":true,\"valueName\":\"search_term_string\"}}],\"inLanguage\":\"fr-FR\"},{\"@type\":\"Organization\",\"@id\":\"https:\\\/\\\/canped.com\\\/fr\\\/#organization\",\"name\":\"Canped\",\"url\":\"https:\\\/\\\/canped.com\\\/fr\\\/\",\"logo\":{\"@type\":\"ImageObject\",\"inLanguage\":\"fr-FR\",\"@id\":\"https:\\\/\\\/canped.com\\\/fr\\\/#\\\/schema\\\/logo\\\/image\\\/\",\"url\":\"https:\\\/\\\/canped.com\\\/wp-content\\\/uploads\\\/2023\\\/07\\\/cropped-Frame-41-1.png\",\"contentUrl\":\"https:\\\/\\\/canped.com\\\/wp-content\\\/uploads\\\/2023\\\/07\\\/cropped-Frame-41-1.png\",\"width\":512,\"height\":512,\"caption\":\"Canped\"},\"image\":{\"@id\":\"https:\\\/\\\/canped.com\\\/fr\\\/#\\\/schema\\\/logo\\\/image\\\/\"},\"sameAs\":[\"https:\\\/\\\/www.facebook.com\\\/riskalmacanpedal\\\/\"]}]}<\/script>\n<!-- \/ Yoast SEO Premium plugin. -->","yoast_head_json":{"title":"Couche pour adulte avec bande de surface textile \u00e0 la taille (nuit) &#183; Canped","robots":{"index":"index","follow":"follow","max-snippet":"max-snippet:-1","max-image-preview":"max-image-preview:large","max-video-preview":"max-video-preview:-1"},"canonical":"https:\/\/canped.com\/fr\/nos-produits\/couches-pour-adultes-au-toucher-textile-2\/","og_locale":"fr_FR","og_type":"article","og_title":"Couche pour adulte avec bande de surface textile \u00e0 la taille (nuit)","og_description":"[vc_row][vc_column width=\u00a0\u00bb1\/1&Prime;][uncode_block id=\u00a0\u00bb1210&Prime;][\/vc_column][\/vc_row][vc_row row_height_percent=\u00a0\u00bb0&Prime; override_padding=\u00a0\u00bbyes\u00a0\u00bb h_padding=\u00a0\u00bb2&Prime; top_padding=\u00a0\u00bb0&Prime; bottom_padding=\u00a0\u00bb2&Prime; overlay_alpha=\u00a0\u00bb50&Prime; gutter_size=\u00a0\u00bb4&Prime; column_width_percent=\u00a0\u00bb100&Prime; shift_y=\u00a0\u00bb0&Prime; z_index=\u00a0\u00bb0&Prime; inverted_device_order=\u00a0\u00bbyes\u00a0\u00bb uncode_shortcode_id=\u00a0\u00bb152972&Prime; css=\u00a0\u00bb.vc_custom_1688724104538{padding-top: 0px !important;}\u00a0\u00bb][vc_column column_width_percent=\u00a0\u00bb100&Prime; gutter_size=\u00a0\u00bb3&Prime; [&hellip;]","og_url":"https:\/\/canped.com\/fr\/nos-produits\/couches-pour-adultes-au-toucher-textile-2\/","og_site_name":"Canped","article_publisher":"https:\/\/www.facebook.com\/riskalmacanpedal\/","article_modified_time":"2024-02-22T11:04:58+00:00","og_image":[{"width":1000,"height":1000,"url":"https:\/\/canped.com\/wp-content\/uploads\/2023\/12\/canpe.jpg","type":"image\/jpeg"}],"twitter_card":"summary_large_image","twitter_misc":{"Dur\u00e9e de lecture estim\u00e9e":"3 minutes"},"schema":{"@context":"https:\/\/schema.org","@graph":[{"@type":"WebPage","@id":"https:\/\/canped.com\/fr\/nos-produits\/couches-pour-adultes-au-toucher-textile-2\/","url":"https:\/\/canped.com\/fr\/nos-produits\/couches-pour-adultes-au-toucher-textile-2\/","name":"Couche pour adulte avec bande de surface textile \u00e0 la taille (nuit) &#183; Canped","isPartOf":{"@id":"https:\/\/canped.com\/fr\/#website"},"primaryImageOfPage":{"@id":"https:\/\/canped.com\/fr\/nos-produits\/couches-pour-adultes-au-toucher-textile-2\/#primaryimage"},"image":{"@id":"https:\/\/canped.com\/fr\/nos-produits\/couches-pour-adultes-au-toucher-textile-2\/#primaryimage"},"thumbnailUrl":"https:\/\/canped.com\/wp-content\/uploads\/2023\/12\/canpe.jpg","datePublished":"2023-11-15T13:48:42+00:00","dateModified":"2024-02-22T11:04:58+00:00","breadcrumb":{"@id":"https:\/\/canped.com\/fr\/nos-produits\/couches-pour-adultes-au-toucher-textile-2\/#breadcrumb"},"inLanguage":"fr-FR","potentialAction":[{"@type":"ReadAction","target":["https:\/\/canped.com\/fr\/nos-produits\/couches-pour-adultes-au-toucher-textile-2\/"]}]},{"@type":"ImageObject","inLanguage":"fr-FR","@id":"https:\/\/canped.com\/fr\/nos-produits\/couches-pour-adultes-au-toucher-textile-2\/#primaryimage","url":"https:\/\/canped.com\/wp-content\/uploads\/2023\/12\/canpe.jpg","contentUrl":"https:\/\/canped.com\/wp-content\/uploads\/2023\/12\/canpe.jpg","width":1000,"height":1000},{"@type":"BreadcrumbList","@id":"https:\/\/canped.com\/fr\/nos-produits\/couches-pour-adultes-au-toucher-textile-2\/#breadcrumb","itemListElement":[{"@type":"ListItem","position":1,"name":"Accueil","item":"https:\/\/canped.com\/fr\/"},{"@type":"ListItem","position":2,"name":"Nos produits","item":"https:\/\/canped.com\/fr\/nos-produits\/"},{"@type":"ListItem","position":3,"name":"Couche pour adulte avec bande de surface textile \u00e0 la taille (nuit)"}]},{"@type":"WebSite","@id":"https:\/\/canped.com\/fr\/#website","url":"https:\/\/canped.com\/fr\/","name":"Canped","description":"Canped","publisher":{"@id":"https:\/\/canped.com\/fr\/#organization"},"potentialAction":[{"@type":"SearchAction","target":{"@type":"EntryPoint","urlTemplate":"https:\/\/canped.com\/fr\/?s={search_term_string}"},"query-input":{"@type":"PropertyValueSpecification","valueRequired":true,"valueName":"search_term_string"}}],"inLanguage":"fr-FR"},{"@type":"Organization","@id":"https:\/\/canped.com\/fr\/#organization","name":"Canped","url":"https:\/\/canped.com\/fr\/","logo":{"@type":"ImageObject","inLanguage":"fr-FR","@id":"https:\/\/canped.com\/fr\/#\/schema\/logo\/image\/","url":"https:\/\/canped.com\/wp-content\/uploads\/2023\/07\/cropped-Frame-41-1.png","contentUrl":"https:\/\/canped.com\/wp-content\/uploads\/2023\/07\/cropped-Frame-41-1.png","width":512,"height":512,"caption":"Canped"},"image":{"@id":"https:\/\/canped.com\/fr\/#\/schema\/logo\/image\/"},"sameAs":["https:\/\/www.facebook.com\/riskalmacanpedal\/"]}]}},"_links":{"self":[{"href":"https:\/\/canped.com\/fr\/wp-json\/wp\/v2\/pages\/1954","targetHints":{"allow":["GET"]}}],"collection":[{"href":"https:\/\/canped.com\/fr\/wp-json\/wp\/v2\/pages"}],"about":[{"href":"https:\/\/canped.com\/fr\/wp-json\/wp\/v2\/types\/page"}],"author":[{"embeddable":true,"href":"https:\/\/canped.com\/fr\/wp-json\/wp\/v2\/users\/20"}],"replies":[{"embeddable":true,"href":"https:\/\/canped.com\/fr\/wp-json\/wp\/v2\/comments?post=1954"}],"version-history":[{"count":0,"href":"https:\/\/canped.com\/fr\/wp-json\/wp\/v2\/pages\/1954\/revisions"}],"up":[{"embeddable":true,"href":"https:\/\/canped.com\/fr\/wp-json\/wp\/v2\/pages\/1269"}],"wp:featuredmedia":[{"embeddable":true,"href":"https:\/\/canped.com\/fr\/wp-json\/wp\/v2\/media\/2076"}],"wp:attachment":[{"href":"https:\/\/canped.com\/fr\/wp-json\/wp\/v2\/media?parent=1954"}],"wp:term":[{"taxonomy":"product-tags","embeddable":true,"href":"https:\/\/canped.com\/fr\/wp-json\/wp\/v2\/product-tags?post=1954"},{"taxonomy":"size","embeddable":true,"href":"https:\/\/canped.com\/fr\/wp-json\/wp\/v2\/size?post=1954"}],"curies":[{"name":"wp","href":"https:\/\/api.w.org\/{rel}","templated":true}]}}