{"id":1374,"date":"2023-07-24T09:32:39","date_gmt":"2023-07-24T09:32:39","guid":{"rendered":"https:\/\/canped.com\/?page_id=1374"},"modified":"2023-09-28T15:08:59","modified_gmt":"2023-09-28T15:08:59","slug":"sous-vetements-absorbants","status":"publish","type":"page","link":"https:\/\/canped.com\/fr\/nos-produits\/sous-vetements-absorbants\/","title":{"rendered":"Sous-v\u00eatements absorbants"},"content":{"rendered":"<div class=\"wpb-content-wrapper\"><p>[vc_row][vc_column width=\u00a0\u00bb1\/1&Prime;][uncode_block id=\u00a0\u00bb1210&Prime;][\/vc_column][\/vc_row][vc_row row_height_percent=\u00a0\u00bb0&Prime; override_padding=\u00a0\u00bbyes\u00a0\u00bb h_padding=\u00a0\u00bb2&Prime; top_padding=\u00a0\u00bb0&Prime; bottom_padding=\u00a0\u00bb2&Prime; overlay_alpha=\u00a0\u00bb50&Prime; gutter_size=\u00a0\u00bb4&Prime; column_width_percent=\u00a0\u00bb100&Prime; shift_y=\u00a0\u00bb0&Prime; z_index=\u00a0\u00bb0&Prime; inverted_device_order=\u00a0\u00bbyes\u00a0\u00bb uncode_shortcode_id=\u00a0\u00bb152972&Prime; css=\u00a0\u00bb.vc_custom_1688724104538{padding-top: 0px !important;}\u00a0\u00bb][vc_column column_width_percent=\u00a0\u00bb100&Prime; gutter_size=\u00a0\u00bb3&Prime; overlay_alpha=\u00a0\u00bb50&Prime; shift_x=\u00a0\u00bb0&Prime; shift_y=\u00a0\u00bb-2&Prime; shift_y_down=\u00a0\u00bb0&Prime; z_index=\u00a0\u00bb0&Prime; medium_width=\u00a0\u00bb0&Prime; mobile_width=\u00a0\u00bb0&Prime; width=\u00a0\u00bb1\/2&Prime; uncode_shortcode_id=\u00a0\u00bb390924&Prime;][vc_custom_heading auto_text=\u00a0\u00bbyes\u00a0\u00bb heading_semantic=\u00a0\u00bbh1&Prime; text_size=\u00a0\u00bbh1&Prime; uncode_shortcode_id=\u00a0\u00bb596347&Prime;]This is a custom heading element.[\/vc_custom_heading][acf_vc_integrator get_field_data_from=\u00a0\u00bb\u00a0\u00bb field_group=\u00a0\u00bb124&Prime; field_from_124=\u00a0\u00bbfield_64a69d79767a5&Prime; show_label=\u00a0\u00bbNo\u00a0\u00bb align=\u00a0\u00bbdefault\u00a0\u00bb gallery_columns=\u00a0\u00bb1&Prime; gm_show_placecard=\u00a0\u00bbdefault\u00a0\u00bb gm_map_type_control=\u00a0\u00bbdefault\u00a0\u00bb gm_fullscreen_control=\u00a0\u00bbdefault\u00a0\u00bb gm_street_view_control=\u00a0\u00bbdefault\u00a0\u00bb gm_zoom_control=\u00a0\u00bbdefault\u00a0\u00bb gm_scale=\u00a0\u00bbdefault\u00a0\u00bb hidden_field_name=\u00a0\u00bbTags\u00a0\u00bb][vc_raw_html el_class=\u00a0\u00bbbestseller\u00a0\u00bb]JTVCYmVzdHNlbGxlciU1RA==[\/vc_raw_html][vc_column_text uncode_shortcode_id=\u00a0\u00bb134644&Prime;]La culotte absorbante Canped Slim offre une protection unique aux utilisateurs avec sa surface ext\u00e9rieure enti\u00e8rement respirante et son design flexible et doux qui enveloppe le corps comme un sous-v\u00eatement.[\/vc_column_text][vc_column_text uncode_shortcode_id=\u00a0\u00bb780254&Prime;]<\/p>\n<ul>\n<li>Tour de taille : 80-120 cm<\/li>\n<li>Fonction de blocage des odeurs<\/li>\n<li>Surface douce et cotonneuse qui ressemble \u00e0 un sous-v\u00eatement<\/li>\n<li>Surface ext\u00e9rieure enti\u00e8rement respirante<\/li>\n<li>Conception ajust\u00e9e \u00e0 360 qui conserve sa forme lorsqu&rsquo;elle est mouill\u00e9e.<\/li>\n<li>Double barri\u00e8re contre les infiltrations<\/li>\n<li>Couche absorbante \u00e0 la fois fine et \u00e0 haute capacit\u00e9<\/li>\n<li>Tissu \u00e9lastique fin qui recouvre le corps sur 4 c\u00f4t\u00e9s<\/li>\n<\/ul>\n<p>[\/vc_column_text][vc_row_inner][vc_column_inner column_width_percent=\u00a0\u00bb100&Prime; gutter_size=\u00a0\u00bb2&Prime; overlay_alpha=\u00a0\u00bb50&Prime; shift_x=\u00a0\u00bb0&Prime; shift_y=\u00a0\u00bb0&Prime; shift_y_down=\u00a0\u00bb0&Prime; z_index=\u00a0\u00bb0&Prime; medium_width=\u00a0\u00bb0&Prime; mobile_width=\u00a0\u00bb0&Prime; width=\u00a0\u00bb1\/1&Prime; uncode_shortcode_id=\u00a0\u00bb769838&Prime;][vc_raw_html]JTVCc2l6ZV9hbmRfd2F0ZXJwcm9vZmluZ19zMSU1RCUwQSU1QnNpemVfYW5kX3dhdGVycHJvb2ZpbmdfczIlNUQlMEElNUJzaXplX2FuZF93YXRlcnByb29maW5nX3MzJTVEJTBBJTVCc2l6ZV9hbmRfd2F0ZXJwcm9vZmluZ19zNCU1RCUwQSU1QnNpemVfYW5kX3dhdGVycHJvb2ZpbmdfczUlNUQ=[\/vc_raw_html][\/vc_column_inner][\/vc_row_inner][\/vc_column][vc_column column_width_percent=\u00a0\u00bb100&Prime; gutter_size=\u00a0\u00bb0&Prime; override_padding=\u00a0\u00bbyes\u00a0\u00bb column_padding=\u00a0\u00bb0&Prime; overlay_alpha=\u00a0\u00bb50&Prime; shift_x=\u00a0\u00bb0&Prime; shift_y=\u00a0\u00bb2&Prime; shift_y_down=\u00a0\u00bb0&Prime; z_index=\u00a0\u00bb0&Prime; medium_width=\u00a0\u00bb0&Prime; mobile_width=\u00a0\u00bb0&Prime; sticky=\u00a0\u00bbyes\u00a0\u00bb radius=\u00a0\u00bbstd\u00a0\u00bb shadow=\u00a0\u00bbxs\u00a0\u00bb width=\u00a0\u00bb1\/2&Prime; uncode_shortcode_id=\u00a0\u00bb381904&Prime; back_color_type=\u00a0\u00bbuncode-solid\u00a0\u00bb el_class=\u00a0\u00bbproduct-gallery\u00a0\u00bb css=\u00a0\u00bb.vc_custom_1688723298591{padding-top: 72px !important;padding-bottom: 48px !important;}\u00a0\u00bb back_color_solid=\u00a0\u00bb#f7fbfe\u00a0\u00bb][vc_gallery el_id=\u00a0\u00bbgallery-570448&Prime; type=\u00a0\u00bbcarousel\u00a0\u00bb medias=\u00a0\u00bb819,821,823,825&Prime; carousel_lg=\u00a0\u00bb1&Prime; carousel_md=\u00a0\u00bb1&Prime; carousel_sm=\u00a0\u00bb1&Prime; thumb_size=\u00a0\u00bbone-one\u00a0\u00bb gutter_size=\u00a0\u00bb4&Prime; media_items=\u00a0\u00bbmedia|lightbox|original\u00a0\u00bb carousel_interval=\u00a0\u00bb3000&Prime; carousel_navspeed=\u00a0\u00bb400&Prime; carousel_loop=\u00a0\u00bbyes\u00a0\u00bb carousel_nav=\u00a0\u00bbyes\u00a0\u00bb carousel_nav_mobile=\u00a0\u00bbyes\u00a0\u00bb carousel_nav_skin=\u00a0\u00bbdark\u00a0\u00bb carousel_dots=\u00a0\u00bbyes\u00a0\u00bb carousel_dots_mobile=\u00a0\u00bbyes\u00a0\u00bb stage_padding=\u00a0\u00bb35&Prime; single_shape=\u00a0\u00bbround\u00a0\u00bb radius=\u00a0\u00bbstd\u00a0\u00bb single_overlay_opacity=\u00a0\u00bb1&Prime; single_overlay_anim=\u00a0\u00bbno\u00a0\u00bb single_text_anim=\u00a0\u00bbno\u00a0\u00bb single_padding=\u00a0\u00bb2&Prime; single_border=\u00a0\u00bbyes\u00a0\u00bb uncode_shortcode_id=\u00a0\u00bb182622&Prime;][\/vc_column][\/vc_row][vc_row row_height_percent=\u00a0\u00bb0&Prime; overlay_alpha=\u00a0\u00bb50&Prime; gutter_size=\u00a0\u00bb3&Prime; column_width_percent=\u00a0\u00bb100&Prime; shift_y=\u00a0\u00bb0&Prime; z_index=\u00a0\u00bb0&Prime; uncode_shortcode_id=\u00a0\u00bb113070&Prime;][vc_column column_width_percent=\u00a0\u00bb100&Prime; align_horizontal=\u00a0\u00bbalign_center\u00a0\u00bb gutter_size=\u00a0\u00bb3&Prime; overlay_alpha=\u00a0\u00bb50&Prime; shift_x=\u00a0\u00bb0&Prime; shift_y=\u00a0\u00bb0&Prime; shift_y_down=\u00a0\u00bb0&Prime; z_index=\u00a0\u00bb0&Prime; medium_width=\u00a0\u00bb0&Prime; mobile_width=\u00a0\u00bb0&Prime; width=\u00a0\u00bb1\/1&Prime; uncode_shortcode_id=\u00a0\u00bb656706&Prime;][vc_custom_heading uncode_shortcode_id=\u00a0\u00bb124226&Prime;]<em>Propri\u00e9t\u00e9s<\/em>[\/vc_custom_heading][vc_row_inner][vc_column_inner width=\u00a0\u00bb1\/2&Prime;][vc_icon position=\u00a0\u00bbleft\u00a0\u00bb space_reduced=\u00a0\u00bbyes\u00a0\u00bb icon_image=\u00a0\u00bb120&Prime; heading_semantic=\u00a0\u00bbh5&Prime; text_size=\u00a0\u00bbh5&Prime; text_weight=\u00a0\u00bb700&Prime; uncode_shortcode_id=\u00a0\u00bb208119&Prime; title=\u00a0\u00bbPuissance d&rsquo;aspiration sup\u00e9rieure\u00a0\u00bb][\/vc_icon][\/vc_column_inner][vc_column_inner width=\u00a0\u00bb1\/2&Prime;][vc_icon position=\u00a0\u00bbleft\u00a0\u00bb space_reduced=\u00a0\u00bbyes\u00a0\u00bb icon_image=\u00a0\u00bb118&Prime; heading_semantic=\u00a0\u00bbh5&Prime; text_size=\u00a0\u00bbh5&Prime; text_weight=\u00a0\u00bb700&Prime; uncode_shortcode_id=\u00a0\u00bb140131&Prime; title=\u00a0\u00bbDistribution \u00e9quilibr\u00e9e des fluides\u00a0\u00bb][\/vc_icon][\/vc_column_inner][\/vc_row_inner][vc_row_inner][vc_column_inner width=\u00a0\u00bb1\/2&Prime;][vc_icon position=\u00a0\u00bbleft\u00a0\u00bb space_reduced=\u00a0\u00bbyes\u00a0\u00bb icon_image=\u00a0\u00bb117&Prime; heading_semantic=\u00a0\u00bbh5&Prime; text_size=\u00a0\u00bbh5&Prime; text_weight=\u00a0\u00bb700&Prime; uncode_shortcode_id=\u00a0\u00bb669767&Prime; title=\u00a0\u00bbSurface textile respirante\u00a0\u00bb][\/vc_icon][\/vc_column_inner][vc_column_inner width=\u00a0\u00bb1\/2&Prime;][vc_icon position=\u00a0\u00bbleft\u00a0\u00bb space_reduced=\u00a0\u00bbyes\u00a0\u00bb icon_image=\u00a0\u00bb119&Prime; heading_semantic=\u00a0\u00bbh5&Prime; text_size=\u00a0\u00bbh5&Prime; text_weight=\u00a0\u00bb700&Prime; uncode_shortcode_id=\u00a0\u00bb137541&Prime; title=\u00a0\u00bbOdeur et \u00e9tanch\u00e9it\u00e9 aux liquides\u00a0\u00bb][\/vc_icon][\/vc_column_inner][\/vc_row_inner][\/vc_column][\/vc_row][vc_row row_height_percent=\u00a0\u00bb0&Prime; override_padding=\u00a0\u00bbyes\u00a0\u00bb h_padding=\u00a0\u00bb2&Prime; top_padding=\u00a0\u00bb2&Prime; bottom_padding=\u00a0\u00bb1&Prime; overlay_alpha=\u00a0\u00bb50&Prime; gutter_size=\u00a0\u00bb3&Prime; column_width_percent=\u00a0\u00bb100&Prime; shift_y=\u00a0\u00bb0&Prime; z_index=\u00a0\u00bb0&Prime; uncode_shortcode_id=\u00a0\u00bb148168&Prime;][vc_column column_width_percent=\u00a0\u00bb100&Prime; align_horizontal=\u00a0\u00bbalign_center\u00a0\u00bb gutter_size=\u00a0\u00bb3&Prime; overlay_alpha=\u00a0\u00bb50&Prime; shift_x=\u00a0\u00bb0&Prime; shift_y=\u00a0\u00bb0&Prime; shift_y_down=\u00a0\u00bb0&Prime; z_index=\u00a0\u00bb0&Prime; medium_width=\u00a0\u00bb0&Prime; mobile_width=\u00a0\u00bb0&Prime; width=\u00a0\u00bb1\/1&Prime; uncode_shortcode_id=\u00a0\u00bb656706&Prime;][vc_custom_heading uncode_shortcode_id=\u00a0\u00bb758833&Prime;]<em>Composition<\/em>[\/vc_custom_heading][\/vc_column][\/vc_row][vc_row row_height_percent=\u00a0\u00bb0&Prime; override_padding=\u00a0\u00bbyes\u00a0\u00bb h_padding=\u00a0\u00bb2&Prime; top_padding=\u00a0\u00bb2&Prime; bottom_padding=\u00a0\u00bb3&Prime; overlay_alpha=\u00a0\u00bb50&Prime; gutter_size=\u00a0\u00bb3&Prime; column_width_percent=\u00a0\u00bb100&Prime; shift_y=\u00a0\u00bb0&Prime; z_index=\u00a0\u00bb0&Prime; uncode_shortcode_id=\u00a0\u00bb635495&Prime;][vc_column width=\u00a0\u00bb7\/12&Prime;][vc_single_image media=\u00a0\u00bb659&Prime; media_width_percent=\u00a0\u00bb100&Prime; uncode_shortcode_id=\u00a0\u00bb141891&Prime;][\/vc_column][vc_column column_width_percent=\u00a0\u00bb100&Prime; position_vertical=\u00a0\u00bbmiddle\u00a0\u00bb gutter_size=\u00a0\u00bb3&Prime; overlay_alpha=\u00a0\u00bb50&Prime; shift_x=\u00a0\u00bb0&Prime; shift_y=\u00a0\u00bb0&Prime; shift_y_down=\u00a0\u00bb0&Prime; z_index=\u00a0\u00bb0&Prime; medium_width=\u00a0\u00bb0&Prime; mobile_width=\u00a0\u00bb0&Prime; width=\u00a0\u00bb5\/12&Prime; uncode_shortcode_id=\u00a0\u00bb106178&Prime;][vc_tabs el_class=\u00a0\u00bbpoints\u00a0\u00bb][vc_tab gutter_size=\u00a0\u00bb2&Prime; column_padding=\u00a0\u00bb2&Prime; title=\u00a0\u00bb1&Prime; tab_id=\u00a0\u00bb1689164684-1-99&Prime;][vc_custom_heading heading_semantic=\u00a0\u00bbh5&Prime; text_size=\u00a0\u00bbh5&Prime; text_weight=\u00a0\u00bb700&Prime; sub_lead=\u00a0\u00bbsmall\u00a0\u00bb uncode_shortcode_id=\u00a0\u00bb545090&Prime; subheading=\u00a0\u00bbRetient les odeurs\u00a0\u00bb]Sous-v\u00eatements absorbants[\/vc_custom_heading][\/vc_tab][vc_tab gutter_size=\u00a0\u00bb2&Prime; column_padding=\u00a0\u00bb2&Prime; title=\u00a0\u00bb2&Prime; tab_id=\u00a0\u00bb1689164684-2-59&Prime;][vc_custom_heading heading_semantic=\u00a0\u00bbh5&Prime; text_size=\u00a0\u00bbh5&Prime; text_weight=\u00a0\u00bb700&Prime; sub_lead=\u00a0\u00bbsmall\u00a0\u00bb uncode_shortcode_id=\u00a0\u00bb121449&Prime; subheading=\u00a0\u00bbSurface Cotonneuse Douce\u00a0\u00bb]Sous-v\u00eatements absorbants[\/vc_custom_heading][\/vc_tab][vc_tab gutter_size=\u00a0\u00bb2&Prime; column_padding=\u00a0\u00bb2&Prime; title=\u00a0\u00bb3&Prime; tab_id=\u00a0\u00bb1689164898025-2-10&Prime;][vc_custom_heading heading_semantic=\u00a0\u00bbh5&Prime; text_size=\u00a0\u00bbh5&Prime; text_weight=\u00a0\u00bb700&Prime; sub_lead=\u00a0\u00bbsmall\u00a0\u00bb uncode_shortcode_id=\u00a0\u00bb181412&Prime; subheading=\u00a0\u00bbConception ajust\u00e9e \u00e0 360 qui conserve sa forme lorsqu&rsquo;elle est mouill\u00e9e\u00a0\u00bb]Sous-v\u00eatements absorbants[\/vc_custom_heading][\/vc_tab][vc_tab gutter_size=\u00a0\u00bb2&Prime; column_padding=\u00a0\u00bb2&Prime; title=\u00a0\u00bb4&Prime; tab_id=\u00a0\u00bb1689164906789-3-9&Prime;][vc_custom_heading heading_semantic=\u00a0\u00bbh5&Prime; text_size=\u00a0\u00bbh5&Prime; text_weight=\u00a0\u00bb700&Prime; sub_lead=\u00a0\u00bbsmall\u00a0\u00bb uncode_shortcode_id=\u00a0\u00bb201905&Prime; subheading=\u00a0\u00bbSurface ext\u00e9rieure enti\u00e8rement respirante\u00a0\u00bb]Sous-v\u00eatements absorbants[\/vc_custom_heading][\/vc_tab][vc_tab gutter_size=\u00a0\u00bb2&Prime; column_padding=\u00a0\u00bb2&Prime; title=\u00a0\u00bb5&Prime; tab_id=\u00a0\u00bb1689164918041-4-4&Prime;][vc_custom_heading heading_semantic=\u00a0\u00bbh5&Prime; text_size=\u00a0\u00bbh5&Prime; text_weight=\u00a0\u00bb700&Prime; sub_lead=\u00a0\u00bbsmall\u00a0\u00bb uncode_shortcode_id=\u00a0\u00bb109660&Prime; subheading=\u00a0\u00bbCouche absorbante \u00e0 la fois fine et \u00e0 haute capacit\u00e9\u00a0\u00bb]Sous-v\u00eatements absorbants[\/vc_custom_heading][\/vc_tab][vc_tab gutter_size=\u00a0\u00bb2&Prime; column_padding=\u00a0\u00bb2&Prime; title=\u00a0\u00bb6&Prime; tab_id=\u00a0\u00bb1690404256559-5-2&Prime;][vc_custom_heading heading_semantic=\u00a0\u00bbh5&Prime; text_size=\u00a0\u00bbh5&Prime; text_weight=\u00a0\u00bb700&Prime; sub_lead=\u00a0\u00bbsmall\u00a0\u00bb uncode_shortcode_id=\u00a0\u00bb146297&Prime; subheading=\u00a0\u00bbDouble barri\u00e8re contre les infiltrations\u00a0\u00bb]Sous-v\u00eatements absorbants[\/vc_custom_heading][\/vc_tab][\/vc_tabs][\/vc_column][\/vc_row][vc_row][vc_column width=\u00a0\u00bb1\/1&Prime;][uncode_block id=\u00a0\u00bb1209&Prime;][\/vc_column][\/vc_row]<\/p>\n<\/div>","protected":false},"excerpt":{"rendered":"<p>[vc_row][vc_column width=\u00a0\u00bb1\/1&Prime;][uncode_block id=\u00a0\u00bb1210&Prime;][\/vc_column][\/vc_row][vc_row row_height_percent=\u00a0\u00bb0&Prime; override_padding=\u00a0\u00bbyes\u00a0\u00bb h_padding=\u00a0\u00bb2&Prime; top_padding=\u00a0\u00bb0&Prime; bottom_padding=\u00a0\u00bb2&Prime; overlay_alpha=\u00a0\u00bb50&Prime; gutter_size=\u00a0\u00bb4&Prime; column_width_percent=\u00a0\u00bb100&Prime; shift_y=\u00a0\u00bb0&Prime; z_index=\u00a0\u00bb0&Prime; inverted_device_order=\u00a0\u00bbyes\u00a0\u00bb uncode_shortcode_id=\u00a0\u00bb152972&Prime; css=\u00a0\u00bb.vc_custom_1688724104538{padding-top: 0px !important;}\u00a0\u00bb][vc_column column_width_percent=\u00a0\u00bb100&Prime; gutter_size=\u00a0\u00bb3&Prime; [&hellip;]<\/p>\n","protected":false},"author":5,"featured_media":273,"parent":1269,"menu_order":0,"comment_status":"closed","ping_status":"closed","template":"","meta":{"_acf_changed":false,"footnotes":""},"product-tags":[],"size":[],"class_list":["post-1374","page","type-page","status-publish","has-post-thumbnail","hentry","page_category-adultes"],"acf":[],"yoast_head":"<!-- This site is optimized with the Yoast SEO Premium plugin v26.9 (Yoast SEO v27.4) - https:\/\/yoast.com\/product\/yoast-seo-premium-wordpress\/ -->\n<title>Sous-v\u00eatements absorbants &#183; Canped<\/title>\n<meta name=\"robots\" content=\"index, follow, max-snippet:-1, max-image-preview:large, max-video-preview:-1\" \/>\n<link rel=\"canonical\" href=\"https:\/\/canped.com\/fr\/nos-produits\/sous-vetements-absorbants\/\" \/>\n<meta property=\"og:locale\" content=\"fr_FR\" \/>\n<meta property=\"og:type\" content=\"article\" \/>\n<meta property=\"og:title\" content=\"Sous-v\u00eatements absorbants\" \/>\n<meta property=\"og:description\" content=\"[vc_row][vc_column width=\u00a0\u00bb1\/1&Prime;][uncode_block id=\u00a0\u00bb1210&Prime;][\/vc_column][\/vc_row][vc_row row_height_percent=\u00a0\u00bb0&Prime; override_padding=\u00a0\u00bbyes\u00a0\u00bb h_padding=\u00a0\u00bb2&Prime; top_padding=\u00a0\u00bb0&Prime; bottom_padding=\u00a0\u00bb2&Prime; overlay_alpha=\u00a0\u00bb50&Prime; gutter_size=\u00a0\u00bb4&Prime; column_width_percent=\u00a0\u00bb100&Prime; shift_y=\u00a0\u00bb0&Prime; z_index=\u00a0\u00bb0&Prime; inverted_device_order=\u00a0\u00bbyes\u00a0\u00bb uncode_shortcode_id=\u00a0\u00bb152972&Prime; css=\u00a0\u00bb.vc_custom_1688724104538{padding-top: 0px !important;}\u00a0\u00bb][vc_column column_width_percent=\u00a0\u00bb100&Prime; gutter_size=\u00a0\u00bb3&Prime; [&hellip;]\" \/>\n<meta property=\"og:url\" content=\"https:\/\/canped.com\/fr\/nos-produits\/sous-vetements-absorbants\/\" \/>\n<meta property=\"og:site_name\" content=\"Canped\" \/>\n<meta property=\"article:publisher\" content=\"https:\/\/www.facebook.com\/riskalmacanpedal\/\" \/>\n<meta property=\"article:modified_time\" content=\"2023-09-28T15:08:59+00:00\" \/>\n<meta property=\"og:image\" content=\"https:\/\/canped.com\/wp-content\/uploads\/2023\/07\/Frame-1579-3-1.jpg\" \/>\n\t<meta property=\"og:image:width\" content=\"1024\" \/>\n\t<meta property=\"og:image:height\" content=\"960\" \/>\n\t<meta property=\"og:image:type\" content=\"image\/jpeg\" \/>\n<meta name=\"twitter:card\" content=\"summary_large_image\" \/>\n<meta name=\"twitter:label1\" content=\"Dur\u00e9e de lecture estim\u00e9e\" \/>\n\t<meta name=\"twitter:data1\" content=\"2 minutes\" \/>\n<script type=\"application\/ld+json\" class=\"yoast-schema-graph\">{\"@context\":\"https:\\\/\\\/schema.org\",\"@graph\":[{\"@type\":\"WebPage\",\"@id\":\"https:\\\/\\\/canped.com\\\/fr\\\/nos-produits\\\/sous-vetements-absorbants\\\/\",\"url\":\"https:\\\/\\\/canped.com\\\/fr\\\/nos-produits\\\/sous-vetements-absorbants\\\/\",\"name\":\"Sous-v\u00eatements absorbants &#183; Canped\",\"isPartOf\":{\"@id\":\"https:\\\/\\\/canped.com\\\/fr\\\/#website\"},\"primaryImageOfPage\":{\"@id\":\"https:\\\/\\\/canped.com\\\/fr\\\/nos-produits\\\/sous-vetements-absorbants\\\/#primaryimage\"},\"image\":{\"@id\":\"https:\\\/\\\/canped.com\\\/fr\\\/nos-produits\\\/sous-vetements-absorbants\\\/#primaryimage\"},\"thumbnailUrl\":\"https:\\\/\\\/canped.com\\\/wp-content\\\/uploads\\\/2023\\\/07\\\/Frame-1579-3-1.jpg\",\"datePublished\":\"2023-07-24T09:32:39+00:00\",\"dateModified\":\"2023-09-28T15:08:59+00:00\",\"breadcrumb\":{\"@id\":\"https:\\\/\\\/canped.com\\\/fr\\\/nos-produits\\\/sous-vetements-absorbants\\\/#breadcrumb\"},\"inLanguage\":\"fr-FR\",\"potentialAction\":[{\"@type\":\"ReadAction\",\"target\":[\"https:\\\/\\\/canped.com\\\/fr\\\/nos-produits\\\/sous-vetements-absorbants\\\/\"]}]},{\"@type\":\"ImageObject\",\"inLanguage\":\"fr-FR\",\"@id\":\"https:\\\/\\\/canped.com\\\/fr\\\/nos-produits\\\/sous-vetements-absorbants\\\/#primaryimage\",\"url\":\"https:\\\/\\\/canped.com\\\/wp-content\\\/uploads\\\/2023\\\/07\\\/Frame-1579-3-1.jpg\",\"contentUrl\":\"https:\\\/\\\/canped.com\\\/wp-content\\\/uploads\\\/2023\\\/07\\\/Frame-1579-3-1.jpg\",\"width\":1024,\"height\":960},{\"@type\":\"BreadcrumbList\",\"@id\":\"https:\\\/\\\/canped.com\\\/fr\\\/nos-produits\\\/sous-vetements-absorbants\\\/#breadcrumb\",\"itemListElement\":[{\"@type\":\"ListItem\",\"position\":1,\"name\":\"Accueil\",\"item\":\"https:\\\/\\\/canped.com\\\/fr\\\/\"},{\"@type\":\"ListItem\",\"position\":2,\"name\":\"Nos produits\",\"item\":\"https:\\\/\\\/canped.com\\\/fr\\\/nos-produits\\\/\"},{\"@type\":\"ListItem\",\"position\":3,\"name\":\"Sous-v\u00eatements absorbants\"}]},{\"@type\":\"WebSite\",\"@id\":\"https:\\\/\\\/canped.com\\\/fr\\\/#website\",\"url\":\"https:\\\/\\\/canped.com\\\/fr\\\/\",\"name\":\"Canped\",\"description\":\"Canped\",\"publisher\":{\"@id\":\"https:\\\/\\\/canped.com\\\/fr\\\/#organization\"},\"potentialAction\":[{\"@type\":\"SearchAction\",\"target\":{\"@type\":\"EntryPoint\",\"urlTemplate\":\"https:\\\/\\\/canped.com\\\/fr\\\/?s={search_term_string}\"},\"query-input\":{\"@type\":\"PropertyValueSpecification\",\"valueRequired\":true,\"valueName\":\"search_term_string\"}}],\"inLanguage\":\"fr-FR\"},{\"@type\":\"Organization\",\"@id\":\"https:\\\/\\\/canped.com\\\/fr\\\/#organization\",\"name\":\"Canped\",\"url\":\"https:\\\/\\\/canped.com\\\/fr\\\/\",\"logo\":{\"@type\":\"ImageObject\",\"inLanguage\":\"fr-FR\",\"@id\":\"https:\\\/\\\/canped.com\\\/fr\\\/#\\\/schema\\\/logo\\\/image\\\/\",\"url\":\"https:\\\/\\\/canped.com\\\/wp-content\\\/uploads\\\/2023\\\/07\\\/cropped-Frame-41-1.png\",\"contentUrl\":\"https:\\\/\\\/canped.com\\\/wp-content\\\/uploads\\\/2023\\\/07\\\/cropped-Frame-41-1.png\",\"width\":512,\"height\":512,\"caption\":\"Canped\"},\"image\":{\"@id\":\"https:\\\/\\\/canped.com\\\/fr\\\/#\\\/schema\\\/logo\\\/image\\\/\"},\"sameAs\":[\"https:\\\/\\\/www.facebook.com\\\/riskalmacanpedal\\\/\"]}]}<\/script>\n<!-- \/ Yoast SEO Premium plugin. -->","yoast_head_json":{"title":"Sous-v\u00eatements absorbants &#183; Canped","robots":{"index":"index","follow":"follow","max-snippet":"max-snippet:-1","max-image-preview":"max-image-preview:large","max-video-preview":"max-video-preview:-1"},"canonical":"https:\/\/canped.com\/fr\/nos-produits\/sous-vetements-absorbants\/","og_locale":"fr_FR","og_type":"article","og_title":"Sous-v\u00eatements absorbants","og_description":"[vc_row][vc_column width=\u00a0\u00bb1\/1&Prime;][uncode_block id=\u00a0\u00bb1210&Prime;][\/vc_column][\/vc_row][vc_row row_height_percent=\u00a0\u00bb0&Prime; override_padding=\u00a0\u00bbyes\u00a0\u00bb h_padding=\u00a0\u00bb2&Prime; top_padding=\u00a0\u00bb0&Prime; bottom_padding=\u00a0\u00bb2&Prime; overlay_alpha=\u00a0\u00bb50&Prime; gutter_size=\u00a0\u00bb4&Prime; column_width_percent=\u00a0\u00bb100&Prime; shift_y=\u00a0\u00bb0&Prime; z_index=\u00a0\u00bb0&Prime; inverted_device_order=\u00a0\u00bbyes\u00a0\u00bb uncode_shortcode_id=\u00a0\u00bb152972&Prime; css=\u00a0\u00bb.vc_custom_1688724104538{padding-top: 0px !important;}\u00a0\u00bb][vc_column column_width_percent=\u00a0\u00bb100&Prime; gutter_size=\u00a0\u00bb3&Prime; [&hellip;]","og_url":"https:\/\/canped.com\/fr\/nos-produits\/sous-vetements-absorbants\/","og_site_name":"Canped","article_publisher":"https:\/\/www.facebook.com\/riskalmacanpedal\/","article_modified_time":"2023-09-28T15:08:59+00:00","og_image":[{"width":1024,"height":960,"url":"https:\/\/canped.com\/wp-content\/uploads\/2023\/07\/Frame-1579-3-1.jpg","type":"image\/jpeg"}],"twitter_card":"summary_large_image","twitter_misc":{"Dur\u00e9e de lecture estim\u00e9e":"2 minutes"},"schema":{"@context":"https:\/\/schema.org","@graph":[{"@type":"WebPage","@id":"https:\/\/canped.com\/fr\/nos-produits\/sous-vetements-absorbants\/","url":"https:\/\/canped.com\/fr\/nos-produits\/sous-vetements-absorbants\/","name":"Sous-v\u00eatements absorbants &#183; Canped","isPartOf":{"@id":"https:\/\/canped.com\/fr\/#website"},"primaryImageOfPage":{"@id":"https:\/\/canped.com\/fr\/nos-produits\/sous-vetements-absorbants\/#primaryimage"},"image":{"@id":"https:\/\/canped.com\/fr\/nos-produits\/sous-vetements-absorbants\/#primaryimage"},"thumbnailUrl":"https:\/\/canped.com\/wp-content\/uploads\/2023\/07\/Frame-1579-3-1.jpg","datePublished":"2023-07-24T09:32:39+00:00","dateModified":"2023-09-28T15:08:59+00:00","breadcrumb":{"@id":"https:\/\/canped.com\/fr\/nos-produits\/sous-vetements-absorbants\/#breadcrumb"},"inLanguage":"fr-FR","potentialAction":[{"@type":"ReadAction","target":["https:\/\/canped.com\/fr\/nos-produits\/sous-vetements-absorbants\/"]}]},{"@type":"ImageObject","inLanguage":"fr-FR","@id":"https:\/\/canped.com\/fr\/nos-produits\/sous-vetements-absorbants\/#primaryimage","url":"https:\/\/canped.com\/wp-content\/uploads\/2023\/07\/Frame-1579-3-1.jpg","contentUrl":"https:\/\/canped.com\/wp-content\/uploads\/2023\/07\/Frame-1579-3-1.jpg","width":1024,"height":960},{"@type":"BreadcrumbList","@id":"https:\/\/canped.com\/fr\/nos-produits\/sous-vetements-absorbants\/#breadcrumb","itemListElement":[{"@type":"ListItem","position":1,"name":"Accueil","item":"https:\/\/canped.com\/fr\/"},{"@type":"ListItem","position":2,"name":"Nos produits","item":"https:\/\/canped.com\/fr\/nos-produits\/"},{"@type":"ListItem","position":3,"name":"Sous-v\u00eatements absorbants"}]},{"@type":"WebSite","@id":"https:\/\/canped.com\/fr\/#website","url":"https:\/\/canped.com\/fr\/","name":"Canped","description":"Canped","publisher":{"@id":"https:\/\/canped.com\/fr\/#organization"},"potentialAction":[{"@type":"SearchAction","target":{"@type":"EntryPoint","urlTemplate":"https:\/\/canped.com\/fr\/?s={search_term_string}"},"query-input":{"@type":"PropertyValueSpecification","valueRequired":true,"valueName":"search_term_string"}}],"inLanguage":"fr-FR"},{"@type":"Organization","@id":"https:\/\/canped.com\/fr\/#organization","name":"Canped","url":"https:\/\/canped.com\/fr\/","logo":{"@type":"ImageObject","inLanguage":"fr-FR","@id":"https:\/\/canped.com\/fr\/#\/schema\/logo\/image\/","url":"https:\/\/canped.com\/wp-content\/uploads\/2023\/07\/cropped-Frame-41-1.png","contentUrl":"https:\/\/canped.com\/wp-content\/uploads\/2023\/07\/cropped-Frame-41-1.png","width":512,"height":512,"caption":"Canped"},"image":{"@id":"https:\/\/canped.com\/fr\/#\/schema\/logo\/image\/"},"sameAs":["https:\/\/www.facebook.com\/riskalmacanpedal\/"]}]}},"_links":{"self":[{"href":"https:\/\/canped.com\/fr\/wp-json\/wp\/v2\/pages\/1374","targetHints":{"allow":["GET"]}}],"collection":[{"href":"https:\/\/canped.com\/fr\/wp-json\/wp\/v2\/pages"}],"about":[{"href":"https:\/\/canped.com\/fr\/wp-json\/wp\/v2\/types\/page"}],"author":[{"embeddable":true,"href":"https:\/\/canped.com\/fr\/wp-json\/wp\/v2\/users\/5"}],"replies":[{"embeddable":true,"href":"https:\/\/canped.com\/fr\/wp-json\/wp\/v2\/comments?post=1374"}],"version-history":[{"count":0,"href":"https:\/\/canped.com\/fr\/wp-json\/wp\/v2\/pages\/1374\/revisions"}],"up":[{"embeddable":true,"href":"https:\/\/canped.com\/fr\/wp-json\/wp\/v2\/pages\/1269"}],"wp:featuredmedia":[{"embeddable":true,"href":"https:\/\/canped.com\/fr\/wp-json\/wp\/v2\/media\/273"}],"wp:attachment":[{"href":"https:\/\/canped.com\/fr\/wp-json\/wp\/v2\/media?parent=1374"}],"wp:term":[{"taxonomy":"product-tags","embeddable":true,"href":"https:\/\/canped.com\/fr\/wp-json\/wp\/v2\/product-tags?post=1374"},{"taxonomy":"size","embeddable":true,"href":"https:\/\/canped.com\/fr\/wp-json\/wp\/v2\/size?post=1374"}],"curies":[{"name":"wp","href":"https:\/\/api.w.org\/{rel}","templated":true}]}}