{"id":1231,"date":"2023-06-29T14:04:02","date_gmt":"2023-06-29T14:04:02","guid":{"rendered":"https:\/\/canped.com\/?page_id=1231"},"modified":"2023-09-28T16:47:16","modified_gmt":"2023-09-28T16:47:16","slug":"blog","status":"publish","type":"page","link":"https:\/\/canped.com\/fr\/blog\/","title":{"rendered":"Blog"},"content":{"rendered":"<div class=\"wpb-content-wrapper\"><p>[vc_row unlock_row_content=\u00a0\u00bbyes\u00a0\u00bb row_height_percent=\u00a0\u00bb0&Prime; override_padding=\u00a0\u00bbyes\u00a0\u00bb h_padding=\u00a0\u00bb2&Prime; top_padding=\u00a0\u00bb2&Prime; bottom_padding=\u00a0\u00bb2&Prime; back_image=\u00a0\u00bb106&Prime; overlay_alpha=\u00a0\u00bb50&Prime; gutter_size=\u00a0\u00bb3&Prime; column_width_percent=\u00a0\u00bb100&Prime; shift_y=\u00a0\u00bb0&Prime; z_index=\u00a0\u00bb0&Prime; top_divider=\u00a0\u00bbstep_1_2&Prime; auto_height_device=\u00a0\u00bbyes\u00a0\u00bb uncode_shortcode_id=\u00a0\u00bb186871&Prime; row_height_pixel=\u00a0\u00bb450&Prime; el_class=\u00a0\u00bbheader-white-mobile\u00a0\u00bb][vc_column column_width_percent=\u00a0\u00bb100&Prime; position_horizontal=\u00a0\u00bbleft\u00a0\u00bb gutter_size=\u00a0\u00bb3&Prime; overlay_alpha=\u00a0\u00bb50&Prime; shift_x=\u00a0\u00bb-3&Prime; shift_y=\u00a0\u00bb0&Prime; shift_y_down=\u00a0\u00bb0&Prime; z_index=\u00a0\u00bb0&Prime; medium_width=\u00a0\u00bb0&Prime; mobile_width=\u00a0\u00bb0&Prime; width=\u00a0\u00bb1\/1&Prime; uncode_shortcode_id=\u00a0\u00bb976878&Prime;][vc_row_inner][vc_column_inner column_width_percent=\u00a0\u00bb100&Prime; gutter_size=\u00a0\u00bb3&Prime; overlay_alpha=\u00a0\u00bb50&Prime; shift_x=\u00a0\u00bb3&Prime; shift_y=\u00a0\u00bb0&Prime; shift_y_down=\u00a0\u00bb0&Prime; z_index=\u00a0\u00bb0&Prime; medium_width=\u00a0\u00bb0&Prime; mobile_width=\u00a0\u00bb0&Prime; width=\u00a0\u00bb1\/1&Prime; uncode_shortcode_id=\u00a0\u00bb616883&Prime;][vc_column_text uncode_shortcode_id=\u00a0\u00bb502023&Prime;]<span><span><a href=\"https:\/\/canped.com\/fr\/\">Accueil<\/a><\/span><\/span>[\/vc_column_text][\/vc_column_inner][\/vc_row_inner][vc_empty_space empty_h=\u00a0\u00bb3&Prime;][vc_row_inner][vc_column_inner column_width_use_pixel=\u00a0\u00bbyes\u00a0\u00bb gutter_size=\u00a0\u00bb3&Prime; overlay_alpha=\u00a0\u00bb50&Prime; shift_x=\u00a0\u00bb-5&Prime; shift_y=\u00a0\u00bb0&Prime; shift_y_down=\u00a0\u00bb0&Prime; z_index=\u00a0\u00bb0&Prime; medium_width=\u00a0\u00bb0&Prime; mobile_width=\u00a0\u00bb0&Prime; width=\u00a0\u00bb1\/1&Prime; uncode_shortcode_id=\u00a0\u00bb139214&Prime; column_width_pixel=\u00a0\u00bb600&Prime;][vc_custom_heading text_size=\u00a0\u00bbh1&Prime; uncode_shortcode_id=\u00a0\u00bb805319&Prime; subheading=\u00a0\u00bbL&rsquo;incontinence urinaire n&rsquo;est pas une maladie, mais un sympt\u00f4me d&rsquo;un probl\u00e8me de sant\u00e9. Pour en savoir plus et d\u00e9couvrir diff\u00e9rentes fa\u00e7ons de vivre avec cela, consultez nos articles d\u00e9taill\u00e9s.\u00a0\u00bb]Blog[\/vc_custom_heading][\/vc_column_inner][\/vc_row_inner][vc_empty_space empty_h=\u00a0\u00bb2&Prime; desktop_visibility=\u00a0\u00bbyes\u00a0\u00bb medium_visibility=\u00a0\u00bbyes\u00a0\u00bb][\/vc_column][\/vc_row][vc_row row_height_percent=\u00a0\u00bb0&Prime; override_padding=\u00a0\u00bbyes\u00a0\u00bb h_padding=\u00a0\u00bb2&Prime; top_padding=\u00a0\u00bb3&Prime; bottom_padding=\u00a0\u00bb1&Prime; overlay_alpha=\u00a0\u00bb50&Prime; gutter_size=\u00a0\u00bb3&Prime; column_width_percent=\u00a0\u00bb100&Prime; shift_y=\u00a0\u00bb0&Prime; z_index=\u00a0\u00bb0&Prime; uncode_shortcode_id=\u00a0\u00bb122540&Prime;][vc_column width=\u00a0\u00bb1\/1&Prime;][vc_empty_space empty_h=\u00a0\u00bb2&Prime; desktop_visibility=\u00a0\u00bbyes\u00a0\u00bb medium_visibility=\u00a0\u00bbyes\u00a0\u00bb][uncode_index el_id=\u00a0\u00bbindex-49798&Prime; isotope_mode=\u00a0\u00bbfitRows\u00a0\u00bb loop=\u00a0\u00bbsize:9|order_by:date|post_type:post|taxonomy_count:10&Prime; screen_lg=\u00a0\u00bb1000&Prime; screen_md=\u00a0\u00bb600&Prime; screen_sm=\u00a0\u00bb480&Prime; filtering=\u00a0\u00bbyes\u00a0\u00bb filter_typography=\u00a0\u00bbinherit\u00a0\u00bb filtering_position=\u00a0\u00bbcenter\u00a0\u00bb gutter_size=\u00a0\u00bb4&Prime; post_items=\u00a0\u00bbmedia|featured|onpost|original,title,category|nobg|relative|hide-icon,text|full|170,extra,link|link|small_size|scale_mobile|Lire plus\u00a0\u00bb pagination=\u00a0\u00bbyes\u00a0\u00bb pagination_typography=\u00a0\u00bbinherit\u00a0\u00bb images_size=\u00a0\u00bbsixteen-nine\u00a0\u00bb single_shape=\u00a0\u00bbround\u00a0\u00bb radius=\u00a0\u00bbstd\u00a0\u00bb single_overlay_opacity=\u00a0\u00bb50&Prime; single_overlay_anim=\u00a0\u00bbno\u00a0\u00bb single_padding=\u00a0\u00bb1&Prime; single_title_dimension=\u00a0\u00bbh5&Prime; single_title_weight=\u00a0\u00bb700&Prime; single_text_lead=\u00a0\u00bbsmall\u00a0\u00bb single_border=\u00a0\u00bbyes\u00a0\u00bb single_css_animation=\u00a0\u00bbalpha-anim\u00a0\u00bb items=\u00a0\u00bbeyIzN19pIjp7InNpbmdsZV93aWR0aCI6IjYifX0=\u00a0\u00bb uncode_shortcode_id=\u00a0\u00bb353521&Prime; filter_all_text=\u00a0\u00bbTout\u00a0\u00bb][\/vc_column][\/vc_row][vc_row][vc_column width=\u00a0\u00bb1\/1&Prime;][uncode_block id=\u00a0\u00bb1216&Prime;][\/vc_column][\/vc_row][vc_row][vc_column width=\u00a0\u00bb1\/1&Prime;][\/vc_column][\/vc_row]<\/p>\n<\/div>","protected":false},"excerpt":{"rendered":"<p>[vc_row unlock_row_content=\u00a0\u00bbyes\u00a0\u00bb row_height_percent=\u00a0\u00bb0&Prime; override_padding=\u00a0\u00bbyes\u00a0\u00bb h_padding=\u00a0\u00bb2&Prime; top_padding=\u00a0\u00bb2&Prime; bottom_padding=\u00a0\u00bb2&Prime; back_image=\u00a0\u00bb106&Prime; overlay_alpha=\u00a0\u00bb50&Prime; gutter_size=\u00a0\u00bb3&Prime; column_width_percent=\u00a0\u00bb100&Prime; shift_y=\u00a0\u00bb0&Prime; z_index=\u00a0\u00bb0&Prime; top_divider=\u00a0\u00bbstep_1_2&Prime; auto_height_device=\u00a0\u00bbyes\u00a0\u00bb uncode_shortcode_id=\u00a0\u00bb186871&Prime; row_height_pixel=\u00a0\u00bb450&Prime; el_class=\u00a0\u00bbheader-white-mobile\u00a0\u00bb][vc_column column_width_percent=\u00a0\u00bb100&Prime; position_horizontal=\u00a0\u00bbleft\u00a0\u00bb [&hellip;]<\/p>\n","protected":false},"author":5,"featured_media":0,"parent":0,"menu_order":0,"comment_status":"closed","ping_status":"closed","template":"","meta":{"_acf_changed":false,"footnotes":""},"product-tags":[],"size":[],"class_list":["post-1231","page","type-page","status-publish","hentry"],"acf":[],"yoast_head":"<!-- This site is optimized with the Yoast SEO Premium plugin v26.9 (Yoast SEO v27.4) - https:\/\/yoast.com\/product\/yoast-seo-premium-wordpress\/ -->\n<title>Blog &#183; Canped<\/title>\n<meta name=\"robots\" content=\"index, follow, max-snippet:-1, max-image-preview:large, max-video-preview:-1\" \/>\n<link rel=\"canonical\" href=\"https:\/\/canped.com\/fr\/blog\/\" \/>\n<meta property=\"og:locale\" content=\"fr_FR\" \/>\n<meta property=\"og:type\" content=\"article\" \/>\n<meta property=\"og:title\" content=\"Blog\" \/>\n<meta property=\"og:description\" content=\"[vc_row unlock_row_content=\u00a0\u00bbyes\u00a0\u00bb row_height_percent=\u00a0\u00bb0&Prime; override_padding=\u00a0\u00bbyes\u00a0\u00bb h_padding=\u00a0\u00bb2&Prime; top_padding=\u00a0\u00bb2&Prime; bottom_padding=\u00a0\u00bb2&Prime; back_image=\u00a0\u00bb106&Prime; overlay_alpha=\u00a0\u00bb50&Prime; gutter_size=\u00a0\u00bb3&Prime; column_width_percent=\u00a0\u00bb100&Prime; shift_y=\u00a0\u00bb0&Prime; z_index=\u00a0\u00bb0&Prime; top_divider=\u00a0\u00bbstep_1_2&Prime; auto_height_device=\u00a0\u00bbyes\u00a0\u00bb uncode_shortcode_id=\u00a0\u00bb186871&Prime; row_height_pixel=\u00a0\u00bb450&Prime; el_class=\u00a0\u00bbheader-white-mobile\u00a0\u00bb][vc_column column_width_percent=\u00a0\u00bb100&Prime; position_horizontal=\u00a0\u00bbleft\u00a0\u00bb [&hellip;]\" \/>\n<meta property=\"og:url\" content=\"https:\/\/canped.com\/fr\/blog\/\" \/>\n<meta property=\"og:site_name\" content=\"Canped\" \/>\n<meta property=\"article:publisher\" content=\"https:\/\/www.facebook.com\/riskalmacanpedal\/\" \/>\n<meta property=\"article:modified_time\" content=\"2023-09-28T16:47:16+00:00\" \/>\n<meta property=\"og:image\" content=\"https:\/\/canped.com\/wp-content\/uploads\/2023\/07\/canped_site-image-scaled.jpg\" \/>\n\t<meta property=\"og:image:width\" content=\"2560\" \/>\n\t<meta property=\"og:image:height\" content=\"1067\" \/>\n\t<meta property=\"og:image:type\" content=\"image\/jpeg\" \/>\n<meta name=\"twitter:card\" content=\"summary_large_image\" \/>\n<meta name=\"twitter:label1\" content=\"Dur\u00e9e de lecture estim\u00e9e\" \/>\n\t<meta name=\"twitter:data1\" content=\"1 minute\" \/>\n<script type=\"application\/ld+json\" class=\"yoast-schema-graph\">{\"@context\":\"https:\\\/\\\/schema.org\",\"@graph\":[{\"@type\":\"WebPage\",\"@id\":\"https:\\\/\\\/canped.com\\\/fr\\\/blog\\\/\",\"url\":\"https:\\\/\\\/canped.com\\\/fr\\\/blog\\\/\",\"name\":\"Blog &#183; Canped\",\"isPartOf\":{\"@id\":\"https:\\\/\\\/canped.com\\\/fr\\\/#website\"},\"datePublished\":\"2023-06-29T14:04:02+00:00\",\"dateModified\":\"2023-09-28T16:47:16+00:00\",\"breadcrumb\":{\"@id\":\"https:\\\/\\\/canped.com\\\/fr\\\/blog\\\/#breadcrumb\"},\"inLanguage\":\"fr-FR\",\"potentialAction\":[{\"@type\":\"ReadAction\",\"target\":[\"https:\\\/\\\/canped.com\\\/fr\\\/blog\\\/\"]}]},{\"@type\":\"BreadcrumbList\",\"@id\":\"https:\\\/\\\/canped.com\\\/fr\\\/blog\\\/#breadcrumb\",\"itemListElement\":[{\"@type\":\"ListItem\",\"position\":1,\"name\":\"Accueil\",\"item\":\"https:\\\/\\\/canped.com\\\/fr\\\/\"},{\"@type\":\"ListItem\",\"position\":2,\"name\":\"Blog\"}]},{\"@type\":\"WebSite\",\"@id\":\"https:\\\/\\\/canped.com\\\/fr\\\/#website\",\"url\":\"https:\\\/\\\/canped.com\\\/fr\\\/\",\"name\":\"Canped\",\"description\":\"Canped\",\"publisher\":{\"@id\":\"https:\\\/\\\/canped.com\\\/fr\\\/#organization\"},\"potentialAction\":[{\"@type\":\"SearchAction\",\"target\":{\"@type\":\"EntryPoint\",\"urlTemplate\":\"https:\\\/\\\/canped.com\\\/fr\\\/?s={search_term_string}\"},\"query-input\":{\"@type\":\"PropertyValueSpecification\",\"valueRequired\":true,\"valueName\":\"search_term_string\"}}],\"inLanguage\":\"fr-FR\"},{\"@type\":\"Organization\",\"@id\":\"https:\\\/\\\/canped.com\\\/fr\\\/#organization\",\"name\":\"Canped\",\"url\":\"https:\\\/\\\/canped.com\\\/fr\\\/\",\"logo\":{\"@type\":\"ImageObject\",\"inLanguage\":\"fr-FR\",\"@id\":\"https:\\\/\\\/canped.com\\\/fr\\\/#\\\/schema\\\/logo\\\/image\\\/\",\"url\":\"https:\\\/\\\/canped.com\\\/wp-content\\\/uploads\\\/2023\\\/07\\\/cropped-Frame-41-1.png\",\"contentUrl\":\"https:\\\/\\\/canped.com\\\/wp-content\\\/uploads\\\/2023\\\/07\\\/cropped-Frame-41-1.png\",\"width\":512,\"height\":512,\"caption\":\"Canped\"},\"image\":{\"@id\":\"https:\\\/\\\/canped.com\\\/fr\\\/#\\\/schema\\\/logo\\\/image\\\/\"},\"sameAs\":[\"https:\\\/\\\/www.facebook.com\\\/riskalmacanpedal\\\/\"]}]}<\/script>\n<!-- \/ Yoast SEO Premium plugin. -->","yoast_head_json":{"title":"Blog &#183; Canped","robots":{"index":"index","follow":"follow","max-snippet":"max-snippet:-1","max-image-preview":"max-image-preview:large","max-video-preview":"max-video-preview:-1"},"canonical":"https:\/\/canped.com\/fr\/blog\/","og_locale":"fr_FR","og_type":"article","og_title":"Blog","og_description":"[vc_row unlock_row_content=\u00a0\u00bbyes\u00a0\u00bb row_height_percent=\u00a0\u00bb0&Prime; override_padding=\u00a0\u00bbyes\u00a0\u00bb h_padding=\u00a0\u00bb2&Prime; top_padding=\u00a0\u00bb2&Prime; bottom_padding=\u00a0\u00bb2&Prime; back_image=\u00a0\u00bb106&Prime; overlay_alpha=\u00a0\u00bb50&Prime; gutter_size=\u00a0\u00bb3&Prime; column_width_percent=\u00a0\u00bb100&Prime; shift_y=\u00a0\u00bb0&Prime; z_index=\u00a0\u00bb0&Prime; top_divider=\u00a0\u00bbstep_1_2&Prime; auto_height_device=\u00a0\u00bbyes\u00a0\u00bb uncode_shortcode_id=\u00a0\u00bb186871&Prime; row_height_pixel=\u00a0\u00bb450&Prime; el_class=\u00a0\u00bbheader-white-mobile\u00a0\u00bb][vc_column column_width_percent=\u00a0\u00bb100&Prime; position_horizontal=\u00a0\u00bbleft\u00a0\u00bb [&hellip;]","og_url":"https:\/\/canped.com\/fr\/blog\/","og_site_name":"Canped","article_publisher":"https:\/\/www.facebook.com\/riskalmacanpedal\/","article_modified_time":"2023-09-28T16:47:16+00:00","og_image":[{"width":2560,"height":1067,"url":"https:\/\/canped.com\/wp-content\/uploads\/2023\/07\/canped_site-image-scaled.jpg","type":"image\/jpeg"}],"twitter_card":"summary_large_image","twitter_misc":{"Dur\u00e9e de lecture estim\u00e9e":"1 minute"},"schema":{"@context":"https:\/\/schema.org","@graph":[{"@type":"WebPage","@id":"https:\/\/canped.com\/fr\/blog\/","url":"https:\/\/canped.com\/fr\/blog\/","name":"Blog &#183; Canped","isPartOf":{"@id":"https:\/\/canped.com\/fr\/#website"},"datePublished":"2023-06-29T14:04:02+00:00","dateModified":"2023-09-28T16:47:16+00:00","breadcrumb":{"@id":"https:\/\/canped.com\/fr\/blog\/#breadcrumb"},"inLanguage":"fr-FR","potentialAction":[{"@type":"ReadAction","target":["https:\/\/canped.com\/fr\/blog\/"]}]},{"@type":"BreadcrumbList","@id":"https:\/\/canped.com\/fr\/blog\/#breadcrumb","itemListElement":[{"@type":"ListItem","position":1,"name":"Accueil","item":"https:\/\/canped.com\/fr\/"},{"@type":"ListItem","position":2,"name":"Blog"}]},{"@type":"WebSite","@id":"https:\/\/canped.com\/fr\/#website","url":"https:\/\/canped.com\/fr\/","name":"Canped","description":"Canped","publisher":{"@id":"https:\/\/canped.com\/fr\/#organization"},"potentialAction":[{"@type":"SearchAction","target":{"@type":"EntryPoint","urlTemplate":"https:\/\/canped.com\/fr\/?s={search_term_string}"},"query-input":{"@type":"PropertyValueSpecification","valueRequired":true,"valueName":"search_term_string"}}],"inLanguage":"fr-FR"},{"@type":"Organization","@id":"https:\/\/canped.com\/fr\/#organization","name":"Canped","url":"https:\/\/canped.com\/fr\/","logo":{"@type":"ImageObject","inLanguage":"fr-FR","@id":"https:\/\/canped.com\/fr\/#\/schema\/logo\/image\/","url":"https:\/\/canped.com\/wp-content\/uploads\/2023\/07\/cropped-Frame-41-1.png","contentUrl":"https:\/\/canped.com\/wp-content\/uploads\/2023\/07\/cropped-Frame-41-1.png","width":512,"height":512,"caption":"Canped"},"image":{"@id":"https:\/\/canped.com\/fr\/#\/schema\/logo\/image\/"},"sameAs":["https:\/\/www.facebook.com\/riskalmacanpedal\/"]}]}},"_links":{"self":[{"href":"https:\/\/canped.com\/fr\/wp-json\/wp\/v2\/pages\/1231","targetHints":{"allow":["GET"]}}],"collection":[{"href":"https:\/\/canped.com\/fr\/wp-json\/wp\/v2\/pages"}],"about":[{"href":"https:\/\/canped.com\/fr\/wp-json\/wp\/v2\/types\/page"}],"author":[{"embeddable":true,"href":"https:\/\/canped.com\/fr\/wp-json\/wp\/v2\/users\/5"}],"replies":[{"embeddable":true,"href":"https:\/\/canped.com\/fr\/wp-json\/wp\/v2\/comments?post=1231"}],"version-history":[{"count":0,"href":"https:\/\/canped.com\/fr\/wp-json\/wp\/v2\/pages\/1231\/revisions"}],"wp:attachment":[{"href":"https:\/\/canped.com\/fr\/wp-json\/wp\/v2\/media?parent=1231"}],"wp:term":[{"taxonomy":"product-tags","embeddable":true,"href":"https:\/\/canped.com\/fr\/wp-json\/wp\/v2\/product-tags?post=1231"},{"taxonomy":"size","embeddable":true,"href":"https:\/\/canped.com\/fr\/wp-json\/wp\/v2\/size?post=1231"}],"curies":[{"name":"wp","href":"https:\/\/api.w.org\/{rel}","templated":true}]}}