{"id":462,"date":"2023-07-23T11:57:17","date_gmt":"2023-07-23T11:57:17","guid":{"rendered":"https:\/\/canped.wpengine.com\/?page_id=462"},"modified":"2023-07-31T13:44:00","modified_gmt":"2023-07-31T13:44:00","slug":"information-society-services","status":"publish","type":"page","link":"https:\/\/canped.com\/en\/information-society-services\/","title":{"rendered":"Information society services"},"content":{"rendered":"<div class=\"wpb-content-wrapper\"><p>[vc_row unlock_row_content=&#8221;yes&#8221; row_height_percent=&#8221;0&#8243; override_padding=&#8221;yes&#8221; h_padding=&#8221;2&#8243; top_padding=&#8221;2&#8243; bottom_padding=&#8221;1&#8243; overlay_alpha=&#8221;50&#8243; gutter_size=&#8221;3&#8243; column_width_percent=&#8221;100&#8243; shift_y=&#8221;0&#8243; z_index=&#8221;0&#8243; uncode_shortcode_id=&#8221;210857&#8243;][vc_column width=&#8221;1\/1&#8243;][vc_column_text uncode_shortcode_id=&#8221;502023&#8243;]<span><span><a href=\"https:\/\/canped.com\/en\/\">Ana sayfa<\/a><\/span><\/span>[\/vc_column_text][\/vc_column][\/vc_row][vc_row row_height_percent=&#8221;0&#8243; override_padding=&#8221;yes&#8221; h_padding=&#8221;2&#8243; top_padding=&#8221;2&#8243; bottom_padding=&#8221;2&#8243; overlay_alpha=&#8221;50&#8243; gutter_size=&#8221;3&#8243; column_width_percent=&#8221;100&#8243; shift_y=&#8221;0&#8243; z_index=&#8221;0&#8243; uncode_shortcode_id=&#8221;910204&#8243;][vc_column column_width_percent=&#8221;100&#8243; position_vertical=&#8221;middle&#8221; align_horizontal=&#8221;align_center&#8221; gutter_size=&#8221;3&#8243; overlay_alpha=&#8221;50&#8243; shift_x=&#8221;0&#8243; shift_y=&#8221;0&#8243; shift_y_down=&#8221;0&#8243; z_index=&#8221;0&#8243; medium_width=&#8221;0&#8243; mobile_width=&#8221;0&#8243; width=&#8221;1\/1&#8243; uncode_shortcode_id=&#8221;210267&#8243;][vc_custom_heading auto_text=&#8221;yes&#8221; heading_semantic=&#8221;h1&#8243; text_size=&#8221;h1&#8243; uncode_shortcode_id=&#8221;197709&#8243;][\/vc_custom_heading][\/vc_column][\/vc_row][vc_row][vc_column width=&#8221;1\/1&#8243;][vc_column_text uncode_shortcode_id=&#8221;161616&#8243;]Company Type: A.\u015e.<\/p>\n<p>Mersis: 0091001062500015<\/p>\n<p>Trade Registry Office: ISTANBUL<\/p>\n<p>Trade Registry Number: 137334-84762<\/p>\n<p>Trade Name: ONTEX T\u00dcKET\u0130M URUNLERI SANAY\u0130 T\u0130CARET A.\u015e.<\/p>\n<p>Amount of Committed Capital: 5,670,480,00<\/p>\n<p>Amount of Paid Capital: 5.670.480.00<\/p>\n<p>Company Registration Date: 19-02-1976<\/p>\n<p>Tax Office: ISTANBUL &#8211; Large Taxpayers Tax Office<\/p>\n<p>Tax Number: 0910010625<\/p>\n<p>Contact Information:- Phone: 2124110900- Fax: 2125990395- Internet Address: <a href=\"mailto:ontexturkiye@ontexglobal.com\">ontexturkiye@ontexglobal.com<\/a>[\/vc_column_text][\/vc_column][\/vc_row]<\/p>\n<\/div>","protected":false},"excerpt":{"rendered":"<p>[vc_row unlock_row_content=&#8221;yes&#8221; row_height_percent=&#8221;0&#8243; override_padding=&#8221;yes&#8221; h_padding=&#8221;2&#8243; top_padding=&#8221;2&#8243; bottom_padding=&#8221;1&#8243; overlay_alpha=&#8221;50&#8243; gutter_size=&#8221;3&#8243; column_width_percent=&#8221;100&#8243; shift_y=&#8221;0&#8243; z_index=&#8221;0&#8243; uncode_shortcode_id=&#8221;210857&#8243;][vc_column width=&#8221;1\/1&#8243;][vc_column_text uncode_shortcode_id=&#8221;502023&#8243;][\/vc_column_text][\/vc_column][\/vc_row][vc_row row_height_percent=&#8221;0&#8243; override_padding=&#8221;yes&#8221; h_padding=&#8221;2&#8243; top_padding=&#8221;2&#8243; bottom_padding=&#8221;2&#8243; [&hellip;]<\/p>\n","protected":false},"author":3,"featured_media":0,"parent":0,"menu_order":0,"comment_status":"closed","ping_status":"closed","template":"","meta":{"_acf_changed":false,"footnotes":""},"product-tags":[],"size":[],"class_list":["post-462","page","type-page","status-publish","hentry"],"acf":[],"yoast_head":"<!-- This site is optimized with the Yoast SEO Premium plugin v26.9 (Yoast SEO v27.4) - https:\/\/yoast.com\/product\/yoast-seo-premium-wordpress\/ -->\n<title>Information society services &#183; Canped<\/title>\n<meta name=\"robots\" content=\"index, follow, max-snippet:-1, max-image-preview:large, max-video-preview:-1\" \/>\n<link rel=\"canonical\" href=\"https:\/\/canped.com\/en\/information-society-services\/\" \/>\n<meta property=\"og:locale\" content=\"en_US\" \/>\n<meta property=\"og:type\" content=\"article\" \/>\n<meta property=\"og:title\" content=\"Information society services\" \/>\n<meta property=\"og:description\" content=\"[vc_row unlock_row_content=&#8221;yes&#8221; row_height_percent=&#8221;0&#8243; override_padding=&#8221;yes&#8221; h_padding=&#8221;2&#8243; top_padding=&#8221;2&#8243; bottom_padding=&#8221;1&#8243; overlay_alpha=&#8221;50&#8243; gutter_size=&#8221;3&#8243; column_width_percent=&#8221;100&#8243; shift_y=&#8221;0&#8243; z_index=&#8221;0&#8243; uncode_shortcode_id=&#8221;210857&#8243;][vc_column width=&#8221;1\/1&#8243;][vc_column_text uncode_shortcode_id=&#8221;502023&#8243;][\/vc_column_text][\/vc_column][\/vc_row][vc_row row_height_percent=&#8221;0&#8243; override_padding=&#8221;yes&#8221; h_padding=&#8221;2&#8243; top_padding=&#8221;2&#8243; bottom_padding=&#8221;2&#8243; [&hellip;]\" \/>\n<meta property=\"og:url\" content=\"https:\/\/canped.com\/en\/information-society-services\/\" \/>\n<meta property=\"og:site_name\" content=\"Canped\" \/>\n<meta property=\"article:publisher\" content=\"https:\/\/www.facebook.com\/riskalmacanpedal\/\" \/>\n<meta property=\"article:modified_time\" content=\"2023-07-31T13:44:00+00:00\" \/>\n<meta property=\"og:image\" content=\"https:\/\/canped.com\/wp-content\/uploads\/2023\/07\/canped_site-image-scaled.jpg\" \/>\n\t<meta property=\"og:image:width\" content=\"2560\" \/>\n\t<meta property=\"og:image:height\" content=\"1067\" \/>\n\t<meta property=\"og:image:type\" content=\"image\/jpeg\" \/>\n<meta name=\"twitter:card\" content=\"summary_large_image\" \/>\n<meta name=\"twitter:label1\" content=\"Est. reading time\" \/>\n\t<meta name=\"twitter:data1\" content=\"1 minute\" \/>\n<script type=\"application\/ld+json\" class=\"yoast-schema-graph\">{\"@context\":\"https:\\\/\\\/schema.org\",\"@graph\":[{\"@type\":\"WebPage\",\"@id\":\"https:\\\/\\\/canped.com\\\/en\\\/information-society-services\\\/\",\"url\":\"https:\\\/\\\/canped.com\\\/en\\\/information-society-services\\\/\",\"name\":\"Information society services &#183; Canped\",\"isPartOf\":{\"@id\":\"https:\\\/\\\/canped.com\\\/en\\\/#website\"},\"datePublished\":\"2023-07-23T11:57:17+00:00\",\"dateModified\":\"2023-07-31T13:44:00+00:00\",\"breadcrumb\":{\"@id\":\"https:\\\/\\\/canped.com\\\/en\\\/information-society-services\\\/#breadcrumb\"},\"inLanguage\":\"en-US\",\"potentialAction\":[{\"@type\":\"ReadAction\",\"target\":[\"https:\\\/\\\/canped.com\\\/en\\\/information-society-services\\\/\"]}]},{\"@type\":\"BreadcrumbList\",\"@id\":\"https:\\\/\\\/canped.com\\\/en\\\/information-society-services\\\/#breadcrumb\",\"itemListElement\":[{\"@type\":\"ListItem\",\"position\":1,\"name\":\"Ana sayfa\",\"item\":\"https:\\\/\\\/canped.com\\\/en\\\/\"},{\"@type\":\"ListItem\",\"position\":2,\"name\":\"Information society services\"}]},{\"@type\":\"WebSite\",\"@id\":\"https:\\\/\\\/canped.com\\\/en\\\/#website\",\"url\":\"https:\\\/\\\/canped.com\\\/en\\\/\",\"name\":\"Canped\",\"description\":\"Canped\",\"publisher\":{\"@id\":\"https:\\\/\\\/canped.com\\\/en\\\/#organization\"},\"potentialAction\":[{\"@type\":\"SearchAction\",\"target\":{\"@type\":\"EntryPoint\",\"urlTemplate\":\"https:\\\/\\\/canped.com\\\/en\\\/?s={search_term_string}\"},\"query-input\":{\"@type\":\"PropertyValueSpecification\",\"valueRequired\":true,\"valueName\":\"search_term_string\"}}],\"inLanguage\":\"en-US\"},{\"@type\":\"Organization\",\"@id\":\"https:\\\/\\\/canped.com\\\/en\\\/#organization\",\"name\":\"Canped\",\"url\":\"https:\\\/\\\/canped.com\\\/en\\\/\",\"logo\":{\"@type\":\"ImageObject\",\"inLanguage\":\"en-US\",\"@id\":\"https:\\\/\\\/canped.com\\\/en\\\/#\\\/schema\\\/logo\\\/image\\\/\",\"url\":\"https:\\\/\\\/canped.com\\\/wp-content\\\/uploads\\\/2023\\\/07\\\/cropped-Frame-41-1.png\",\"contentUrl\":\"https:\\\/\\\/canped.com\\\/wp-content\\\/uploads\\\/2023\\\/07\\\/cropped-Frame-41-1.png\",\"width\":512,\"height\":512,\"caption\":\"Canped\"},\"image\":{\"@id\":\"https:\\\/\\\/canped.com\\\/en\\\/#\\\/schema\\\/logo\\\/image\\\/\"},\"sameAs\":[\"https:\\\/\\\/www.facebook.com\\\/riskalmacanpedal\\\/\"]}]}<\/script>\n<!-- \/ Yoast SEO Premium plugin. -->","yoast_head_json":{"title":"Information society services &#183; Canped","robots":{"index":"index","follow":"follow","max-snippet":"max-snippet:-1","max-image-preview":"max-image-preview:large","max-video-preview":"max-video-preview:-1"},"canonical":"https:\/\/canped.com\/en\/information-society-services\/","og_locale":"en_US","og_type":"article","og_title":"Information society services","og_description":"[vc_row unlock_row_content=&#8221;yes&#8221; row_height_percent=&#8221;0&#8243; override_padding=&#8221;yes&#8221; h_padding=&#8221;2&#8243; top_padding=&#8221;2&#8243; bottom_padding=&#8221;1&#8243; overlay_alpha=&#8221;50&#8243; gutter_size=&#8221;3&#8243; column_width_percent=&#8221;100&#8243; shift_y=&#8221;0&#8243; z_index=&#8221;0&#8243; uncode_shortcode_id=&#8221;210857&#8243;][vc_column width=&#8221;1\/1&#8243;][vc_column_text uncode_shortcode_id=&#8221;502023&#8243;][\/vc_column_text][\/vc_column][\/vc_row][vc_row row_height_percent=&#8221;0&#8243; override_padding=&#8221;yes&#8221; h_padding=&#8221;2&#8243; top_padding=&#8221;2&#8243; bottom_padding=&#8221;2&#8243; [&hellip;]","og_url":"https:\/\/canped.com\/en\/information-society-services\/","og_site_name":"Canped","article_publisher":"https:\/\/www.facebook.com\/riskalmacanpedal\/","article_modified_time":"2023-07-31T13:44:00+00:00","og_image":[{"width":2560,"height":1067,"url":"https:\/\/canped.com\/wp-content\/uploads\/2023\/07\/canped_site-image-scaled.jpg","type":"image\/jpeg"}],"twitter_card":"summary_large_image","twitter_misc":{"Est. reading time":"1 minute"},"schema":{"@context":"https:\/\/schema.org","@graph":[{"@type":"WebPage","@id":"https:\/\/canped.com\/en\/information-society-services\/","url":"https:\/\/canped.com\/en\/information-society-services\/","name":"Information society services &#183; Canped","isPartOf":{"@id":"https:\/\/canped.com\/en\/#website"},"datePublished":"2023-07-23T11:57:17+00:00","dateModified":"2023-07-31T13:44:00+00:00","breadcrumb":{"@id":"https:\/\/canped.com\/en\/information-society-services\/#breadcrumb"},"inLanguage":"en-US","potentialAction":[{"@type":"ReadAction","target":["https:\/\/canped.com\/en\/information-society-services\/"]}]},{"@type":"BreadcrumbList","@id":"https:\/\/canped.com\/en\/information-society-services\/#breadcrumb","itemListElement":[{"@type":"ListItem","position":1,"name":"Ana sayfa","item":"https:\/\/canped.com\/en\/"},{"@type":"ListItem","position":2,"name":"Information society services"}]},{"@type":"WebSite","@id":"https:\/\/canped.com\/en\/#website","url":"https:\/\/canped.com\/en\/","name":"Canped","description":"Canped","publisher":{"@id":"https:\/\/canped.com\/en\/#organization"},"potentialAction":[{"@type":"SearchAction","target":{"@type":"EntryPoint","urlTemplate":"https:\/\/canped.com\/en\/?s={search_term_string}"},"query-input":{"@type":"PropertyValueSpecification","valueRequired":true,"valueName":"search_term_string"}}],"inLanguage":"en-US"},{"@type":"Organization","@id":"https:\/\/canped.com\/en\/#organization","name":"Canped","url":"https:\/\/canped.com\/en\/","logo":{"@type":"ImageObject","inLanguage":"en-US","@id":"https:\/\/canped.com\/en\/#\/schema\/logo\/image\/","url":"https:\/\/canped.com\/wp-content\/uploads\/2023\/07\/cropped-Frame-41-1.png","contentUrl":"https:\/\/canped.com\/wp-content\/uploads\/2023\/07\/cropped-Frame-41-1.png","width":512,"height":512,"caption":"Canped"},"image":{"@id":"https:\/\/canped.com\/en\/#\/schema\/logo\/image\/"},"sameAs":["https:\/\/www.facebook.com\/riskalmacanpedal\/"]}]}},"_links":{"self":[{"href":"https:\/\/canped.com\/en\/wp-json\/wp\/v2\/pages\/462","targetHints":{"allow":["GET"]}}],"collection":[{"href":"https:\/\/canped.com\/en\/wp-json\/wp\/v2\/pages"}],"about":[{"href":"https:\/\/canped.com\/en\/wp-json\/wp\/v2\/types\/page"}],"author":[{"embeddable":true,"href":"https:\/\/canped.com\/en\/wp-json\/wp\/v2\/users\/3"}],"replies":[{"embeddable":true,"href":"https:\/\/canped.com\/en\/wp-json\/wp\/v2\/comments?post=462"}],"version-history":[{"count":0,"href":"https:\/\/canped.com\/en\/wp-json\/wp\/v2\/pages\/462\/revisions"}],"wp:attachment":[{"href":"https:\/\/canped.com\/en\/wp-json\/wp\/v2\/media?parent=462"}],"wp:term":[{"taxonomy":"product-tags","embeddable":true,"href":"https:\/\/canped.com\/en\/wp-json\/wp\/v2\/product-tags?post=462"},{"taxonomy":"size","embeddable":true,"href":"https:\/\/canped.com\/en\/wp-json\/wp\/v2\/size?post=462"}],"curies":[{"name":"wp","href":"https:\/\/api.w.org\/{rel}","templated":true}]}}