{"id":423,"date":"2023-07-20T12:12:49","date_gmt":"2023-07-20T12:12:49","guid":{"rendered":"https:\/\/canped.wpengine.com\/?page_id=423"},"modified":"2023-07-31T20:57:19","modified_gmt":"2023-07-31T20:57:19","slug":"information-security-policy","status":"publish","type":"page","link":"https:\/\/canped.com\/en\/about-us\/information-security-policy\/","title":{"rendered":"Information security policy"},"content":{"rendered":"<div class=\"wpb-content-wrapper\"><p>[vc_row unlock_row_content=&#8221;yes&#8221; row_height_percent=&#8221;0&#8243; override_padding=&#8221;yes&#8221; h_padding=&#8221;2&#8243; top_padding=&#8221;2&#8243; bottom_padding=&#8221;1&#8243; overlay_alpha=&#8221;50&#8243; gutter_size=&#8221;3&#8243; column_width_percent=&#8221;100&#8243; shift_y=&#8221;0&#8243; z_index=&#8221;0&#8243; uncode_shortcode_id=&#8221;210857&#8243;][vc_column width=&#8221;1\/1&#8243;][vc_column_text uncode_shortcode_id=&#8221;502023&#8243;]<span><span><a href=\"https:\/\/canped.com\/en\/\">Ana sayfa<\/a><\/span><\/span>[\/vc_column_text][\/vc_column][\/vc_row][vc_row row_height_percent=&#8221;0&#8243; override_padding=&#8221;yes&#8221; h_padding=&#8221;2&#8243; top_padding=&#8221;2&#8243; bottom_padding=&#8221;2&#8243; overlay_alpha=&#8221;50&#8243; gutter_size=&#8221;3&#8243; column_width_percent=&#8221;100&#8243; shift_y=&#8221;0&#8243; z_index=&#8221;0&#8243; uncode_shortcode_id=&#8221;910204&#8243;][vc_column column_width_percent=&#8221;100&#8243; position_vertical=&#8221;middle&#8221; align_horizontal=&#8221;align_center&#8221; gutter_size=&#8221;3&#8243; overlay_alpha=&#8221;50&#8243; shift_x=&#8221;0&#8243; shift_y=&#8221;0&#8243; shift_y_down=&#8221;0&#8243; z_index=&#8221;0&#8243; medium_width=&#8221;0&#8243; mobile_width=&#8221;0&#8243; width=&#8221;1\/1&#8243; uncode_shortcode_id=&#8221;210267&#8243;][vc_custom_heading auto_text=&#8221;yes&#8221; heading_semantic=&#8221;h1&#8243; text_size=&#8221;&#8221; uncode_shortcode_id=&#8221;215735&#8243;]This is a custom heading element.[\/vc_custom_heading][vc_icon icon_image=&#8221;215&#8243; uncode_shortcode_id=&#8221;113074&#8243;][\/vc_icon][\/vc_column][\/vc_row][vc_row row_height_percent=&#8221;0&#8243; override_padding=&#8221;yes&#8221; h_padding=&#8221;2&#8243; top_padding=&#8221;0&#8243; bottom_padding=&#8221;3&#8243; overlay_alpha=&#8221;50&#8243; gutter_size=&#8221;3&#8243; column_width_percent=&#8221;100&#8243; shift_y=&#8221;0&#8243; z_index=&#8221;0&#8243; uncode_shortcode_id=&#8221;252202&#8243;][vc_column column_width_percent=&#8221;100&#8243; gutter_size=&#8221;3&#8243; overlay_alpha=&#8221;50&#8243; shift_x=&#8221;0&#8243; shift_y=&#8221;0&#8243; shift_y_down=&#8221;0&#8243; z_index=&#8221;0&#8243; medium_width=&#8221;0&#8243; mobile_width=&#8221;0&#8243; width=&#8221;1\/1&#8243; uncode_shortcode_id=&#8221;136911&#8243;][vc_custom_heading heading_semantic=&#8221;h4&#8243; text_size=&#8221;h4&#8243; uncode_shortcode_id=&#8221;653497&#8243;]<em>1<\/em>. Policy Statement[\/vc_custom_heading][vc_column_text uncode_shortcode_id=&#8221;750295&#8243;]Ontex T\u00fcketim \u00dcr\u00fcnleri San. ve Tic. A\u015e, in the context of effective implementation and maintenance of the Information Security Management System (ISMS), commits to taking measures to ensure and maintain the confidentiality, integrity and accessibility of information assets of the company.[\/vc_column_text][\/vc_column][\/vc_row][vc_row row_height_percent=&#8221;0&#8243; override_padding=&#8221;yes&#8221; h_padding=&#8221;2&#8243; top_padding=&#8221;0&#8243; bottom_padding=&#8221;3&#8243; overlay_alpha=&#8221;50&#8243; gutter_size=&#8221;3&#8243; column_width_percent=&#8221;100&#8243; shift_y=&#8221;0&#8243; z_index=&#8221;0&#8243; uncode_shortcode_id=&#8221;252202&#8243;][vc_column column_width_percent=&#8221;100&#8243; gutter_size=&#8221;3&#8243; overlay_alpha=&#8221;50&#8243; shift_x=&#8221;0&#8243; shift_y=&#8221;0&#8243; shift_y_down=&#8221;0&#8243; z_index=&#8221;0&#8243; medium_width=&#8221;0&#8243; mobile_width=&#8221;0&#8243; width=&#8221;1\/1&#8243; uncode_shortcode_id=&#8221;136911&#8243;][vc_custom_heading heading_semantic=&#8221;h4&#8243; text_size=&#8221;h4&#8243; uncode_shortcode_id=&#8221;948197&#8243;]<em>2<\/em>. Aim &amp; Goals[\/vc_custom_heading][vc_column_text uncode_shortcode_id=&#8221;211018&#8243;]<strong>As Ontex T\u00fcketim \u00dcr\u00fcnleri San. ve Tic.A.\u015e., our main aim and goals include the following:<\/strong><\/p>\n<ul>\n<li>To ensure compliance with all legal legislations and contractual obligations regarding information security<\/li>\n<li>To prevent any interruption that may occur in main business processes, and ensure business continuity by regaining operational capacity within the target recovery period in cases where interruption cannot be avoided<\/li>\n<li>To minimize any damage that may occur due to information security vulnerabilities and protect the Ontex corporate image<\/li>\n<li>To reduce the likelihood of information security breaches, and intervene quickly and effectively in case of such incidents<\/li>\n<li>To follow the technological developments related to information security and renew the software and hardware in line with these advances<\/li>\n<\/ul>\n<p>[\/vc_column_text][\/vc_column][\/vc_row][vc_row row_height_percent=&#8221;0&#8243; override_padding=&#8221;yes&#8221; h_padding=&#8221;2&#8243; top_padding=&#8221;0&#8243; bottom_padding=&#8221;3&#8243; overlay_alpha=&#8221;50&#8243; gutter_size=&#8221;3&#8243; column_width_percent=&#8221;100&#8243; shift_y=&#8221;0&#8243; z_index=&#8221;0&#8243; uncode_shortcode_id=&#8221;252202&#8243;][vc_column column_width_percent=&#8221;100&#8243; gutter_size=&#8221;3&#8243; overlay_alpha=&#8221;50&#8243; shift_x=&#8221;0&#8243; shift_y=&#8221;0&#8243; shift_y_down=&#8221;0&#8243; z_index=&#8221;0&#8243; medium_width=&#8221;0&#8243; mobile_width=&#8221;0&#8243; width=&#8221;1\/1&#8243; uncode_shortcode_id=&#8221;136911&#8243;][vc_custom_heading heading_semantic=&#8221;h4&#8243; text_size=&#8221;h4&#8243; uncode_shortcode_id=&#8221;141162&#8243;]<em>3<\/em>. Responsibilities[\/vc_custom_heading][vc_column_text uncode_shortcode_id=&#8221;106579&#8243;]<strong>One of the primary priorities of the Ontex Management Team is information security and this team is responsible for the implementation of this policy. The responsibilities of the Management Team regarding information security include the following:<\/strong><\/p>\n<ul>\n<li>Ensuring that relevant procedures are implemented and maintained<\/li>\n<li>Providing adequate resources to meet information security commitments<\/li>\n<li>Continuously improving the system by evaluating the performance, suitability and effectiveness<\/li>\n<li>Identifying and managing risks<\/li>\n<li>Setting measurable goals and targets<\/li>\n<li>Ensuring appropriate training required within the organization<\/li>\n<\/ul>\n<p>[\/vc_column_text][vc_column_text uncode_shortcode_id=&#8221;105616&#8243;]<strong>Our employees also have responsibilities in this regard, including:<\/strong><\/p>\n<ul>\n<li>Acting in accordance with all policies, procedures and instructions related to ISMS<\/li>\n<li>Reporting information security breach incidents<\/li>\n<li>Supporting management in the continuous improvement of all processes and instructions<\/li>\n<li>Contributing effectively to the achievement of the pre-specified targets and goals<\/li>\n<\/ul>\n<p>[\/vc_column_text][\/vc_column][\/vc_row][vc_row row_height_percent=&#8221;0&#8243; override_padding=&#8221;yes&#8221; h_padding=&#8221;2&#8243; top_padding=&#8221;1&#8243; bottom_padding=&#8221;2&#8243; overlay_alpha=&#8221;50&#8243; gutter_size=&#8221;3&#8243; column_width_percent=&#8221;100&#8243; shift_y=&#8221;0&#8243; z_index=&#8221;0&#8243; uncode_shortcode_id=&#8221;838888&#8243;][vc_column column_width_percent=&#8221;100&#8243; align_horizontal=&#8221;align_right&#8221; gutter_size=&#8221;3&#8243; overlay_alpha=&#8221;50&#8243; shift_x=&#8221;0&#8243; shift_y=&#8221;0&#8243; shift_y_down=&#8221;0&#8243; z_index=&#8221;0&#8243; medium_width=&#8221;0&#8243; mobile_width=&#8221;0&#8243; width=&#8221;1\/1&#8243; uncode_shortcode_id=&#8221;155280&#8243;][vc_button size=&#8221;link&#8221; icon_position=&#8221;right&#8221; icon=&#8221;fa fa-arrow-right2&#8243; uncode_shortcode_id=&#8221;157523&#8243; link=&#8221;url:%2Fabout-us%2Fquality-policy%2F|title:Quality%20policy&#8221;]Check our Quality policy[\/vc_button][\/vc_column][\/vc_row]<\/p>\n<\/div>","protected":false},"excerpt":{"rendered":"<p>[vc_row unlock_row_content=&#8221;yes&#8221; row_height_percent=&#8221;0&#8243; override_padding=&#8221;yes&#8221; h_padding=&#8221;2&#8243; top_padding=&#8221;2&#8243; bottom_padding=&#8221;1&#8243; overlay_alpha=&#8221;50&#8243; gutter_size=&#8221;3&#8243; column_width_percent=&#8221;100&#8243; shift_y=&#8221;0&#8243; z_index=&#8221;0&#8243; uncode_shortcode_id=&#8221;210857&#8243;][vc_column width=&#8221;1\/1&#8243;][vc_column_text uncode_shortcode_id=&#8221;502023&#8243;][\/vc_column_text][\/vc_column][\/vc_row][vc_row row_height_percent=&#8221;0&#8243; override_padding=&#8221;yes&#8221; h_padding=&#8221;2&#8243; top_padding=&#8221;2&#8243; bottom_padding=&#8221;2&#8243; [&hellip;]<\/p>\n","protected":false},"author":3,"featured_media":0,"parent":25,"menu_order":0,"comment_status":"closed","ping_status":"closed","template":"","meta":{"_acf_changed":false,"footnotes":""},"product-tags":[],"size":[],"class_list":["post-423","page","type-page","status-publish","hentry"],"acf":[],"yoast_head":"<!-- This site is optimized with the Yoast SEO Premium plugin v26.9 (Yoast SEO v27.4) - https:\/\/yoast.com\/product\/yoast-seo-premium-wordpress\/ -->\n<title>Information security policy &#183; Canped<\/title>\n<meta name=\"description\" content=\"Ontex T\u00fcketim \u00dcr\u00fcnleri San. ve Tic. A\u015e, commits to taking measures to ensure and maintain the confidentiality, integrity and accessibility of information assets of the company.\" \/>\n<meta name=\"robots\" content=\"index, follow, max-snippet:-1, max-image-preview:large, max-video-preview:-1\" \/>\n<link rel=\"canonical\" href=\"https:\/\/canped.com\/en\/about-us\/information-security-policy\/\" \/>\n<meta property=\"og:locale\" content=\"en_US\" \/>\n<meta property=\"og:type\" content=\"article\" \/>\n<meta property=\"og:title\" content=\"Information security policy\" \/>\n<meta property=\"og:description\" content=\"Ontex T\u00fcketim \u00dcr\u00fcnleri San. ve Tic. A\u015e, commits to taking measures to ensure and maintain the confidentiality, integrity and accessibility of information assets of the company.\" \/>\n<meta property=\"og:url\" content=\"https:\/\/canped.com\/en\/about-us\/information-security-policy\/\" \/>\n<meta property=\"og:site_name\" content=\"Canped\" \/>\n<meta property=\"article:publisher\" content=\"https:\/\/www.facebook.com\/riskalmacanpedal\/\" \/>\n<meta property=\"article:modified_time\" content=\"2023-07-31T20:57:19+00:00\" \/>\n<meta property=\"og:image\" content=\"https:\/\/canped.com\/wp-content\/uploads\/2023\/07\/canped_site-image-scaled.jpg\" \/>\n\t<meta property=\"og:image:width\" content=\"2560\" \/>\n\t<meta property=\"og:image:height\" content=\"1067\" \/>\n\t<meta property=\"og:image:type\" content=\"image\/jpeg\" \/>\n<meta name=\"twitter:card\" content=\"summary_large_image\" \/>\n<meta name=\"twitter:label1\" content=\"Est. reading time\" \/>\n\t<meta name=\"twitter:data1\" content=\"2 minutes\" \/>\n<script type=\"application\/ld+json\" class=\"yoast-schema-graph\">{\"@context\":\"https:\\\/\\\/schema.org\",\"@graph\":[{\"@type\":\"WebPage\",\"@id\":\"https:\\\/\\\/canped.com\\\/en\\\/about-us\\\/information-security-policy\\\/\",\"url\":\"https:\\\/\\\/canped.com\\\/en\\\/about-us\\\/information-security-policy\\\/\",\"name\":\"Information security policy &#183; Canped\",\"isPartOf\":{\"@id\":\"https:\\\/\\\/canped.com\\\/en\\\/#website\"},\"datePublished\":\"2023-07-20T12:12:49+00:00\",\"dateModified\":\"2023-07-31T20:57:19+00:00\",\"description\":\"Ontex T\u00fcketim \u00dcr\u00fcnleri San. ve Tic. A\u015e, commits to taking measures to ensure and maintain the confidentiality, integrity and accessibility of information assets of the company.\",\"breadcrumb\":{\"@id\":\"https:\\\/\\\/canped.com\\\/en\\\/about-us\\\/information-security-policy\\\/#breadcrumb\"},\"inLanguage\":\"en-US\",\"potentialAction\":[{\"@type\":\"ReadAction\",\"target\":[\"https:\\\/\\\/canped.com\\\/en\\\/about-us\\\/information-security-policy\\\/\"]}]},{\"@type\":\"BreadcrumbList\",\"@id\":\"https:\\\/\\\/canped.com\\\/en\\\/about-us\\\/information-security-policy\\\/#breadcrumb\",\"itemListElement\":[{\"@type\":\"ListItem\",\"position\":1,\"name\":\"Ana sayfa\",\"item\":\"https:\\\/\\\/canped.com\\\/en\\\/\"},{\"@type\":\"ListItem\",\"position\":2,\"name\":\"About us\",\"item\":\"https:\\\/\\\/canped.com\\\/en\\\/%d9%86%d8%a8%d8%b0%d8%a9-%d8%b9%d9%86%d8%a7\\\/\"},{\"@type\":\"ListItem\",\"position\":3,\"name\":\"Information security policy\"}]},{\"@type\":\"WebSite\",\"@id\":\"https:\\\/\\\/canped.com\\\/en\\\/#website\",\"url\":\"https:\\\/\\\/canped.com\\\/en\\\/\",\"name\":\"Canped\",\"description\":\"Canped\",\"publisher\":{\"@id\":\"https:\\\/\\\/canped.com\\\/en\\\/#organization\"},\"potentialAction\":[{\"@type\":\"SearchAction\",\"target\":{\"@type\":\"EntryPoint\",\"urlTemplate\":\"https:\\\/\\\/canped.com\\\/en\\\/?s={search_term_string}\"},\"query-input\":{\"@type\":\"PropertyValueSpecification\",\"valueRequired\":true,\"valueName\":\"search_term_string\"}}],\"inLanguage\":\"en-US\"},{\"@type\":\"Organization\",\"@id\":\"https:\\\/\\\/canped.com\\\/en\\\/#organization\",\"name\":\"Canped\",\"url\":\"https:\\\/\\\/canped.com\\\/en\\\/\",\"logo\":{\"@type\":\"ImageObject\",\"inLanguage\":\"en-US\",\"@id\":\"https:\\\/\\\/canped.com\\\/en\\\/#\\\/schema\\\/logo\\\/image\\\/\",\"url\":\"https:\\\/\\\/canped.com\\\/wp-content\\\/uploads\\\/2023\\\/07\\\/cropped-Frame-41-1.png\",\"contentUrl\":\"https:\\\/\\\/canped.com\\\/wp-content\\\/uploads\\\/2023\\\/07\\\/cropped-Frame-41-1.png\",\"width\":512,\"height\":512,\"caption\":\"Canped\"},\"image\":{\"@id\":\"https:\\\/\\\/canped.com\\\/en\\\/#\\\/schema\\\/logo\\\/image\\\/\"},\"sameAs\":[\"https:\\\/\\\/www.facebook.com\\\/riskalmacanpedal\\\/\"]}]}<\/script>\n<!-- \/ Yoast SEO Premium plugin. -->","yoast_head_json":{"title":"Information security policy &#183; Canped","description":"Ontex T\u00fcketim \u00dcr\u00fcnleri San. ve Tic. A\u015e, commits to taking measures to ensure and maintain the confidentiality, integrity and accessibility of information assets of the company.","robots":{"index":"index","follow":"follow","max-snippet":"max-snippet:-1","max-image-preview":"max-image-preview:large","max-video-preview":"max-video-preview:-1"},"canonical":"https:\/\/canped.com\/en\/about-us\/information-security-policy\/","og_locale":"en_US","og_type":"article","og_title":"Information security policy","og_description":"Ontex T\u00fcketim \u00dcr\u00fcnleri San. ve Tic. A\u015e, commits to taking measures to ensure and maintain the confidentiality, integrity and accessibility of information assets of the company.","og_url":"https:\/\/canped.com\/en\/about-us\/information-security-policy\/","og_site_name":"Canped","article_publisher":"https:\/\/www.facebook.com\/riskalmacanpedal\/","article_modified_time":"2023-07-31T20:57:19+00:00","og_image":[{"width":2560,"height":1067,"url":"https:\/\/canped.com\/wp-content\/uploads\/2023\/07\/canped_site-image-scaled.jpg","type":"image\/jpeg"}],"twitter_card":"summary_large_image","twitter_misc":{"Est. reading time":"2 minutes"},"schema":{"@context":"https:\/\/schema.org","@graph":[{"@type":"WebPage","@id":"https:\/\/canped.com\/en\/about-us\/information-security-policy\/","url":"https:\/\/canped.com\/en\/about-us\/information-security-policy\/","name":"Information security policy &#183; Canped","isPartOf":{"@id":"https:\/\/canped.com\/en\/#website"},"datePublished":"2023-07-20T12:12:49+00:00","dateModified":"2023-07-31T20:57:19+00:00","description":"Ontex T\u00fcketim \u00dcr\u00fcnleri San. ve Tic. A\u015e, commits to taking measures to ensure and maintain the confidentiality, integrity and accessibility of information assets of the company.","breadcrumb":{"@id":"https:\/\/canped.com\/en\/about-us\/information-security-policy\/#breadcrumb"},"inLanguage":"en-US","potentialAction":[{"@type":"ReadAction","target":["https:\/\/canped.com\/en\/about-us\/information-security-policy\/"]}]},{"@type":"BreadcrumbList","@id":"https:\/\/canped.com\/en\/about-us\/information-security-policy\/#breadcrumb","itemListElement":[{"@type":"ListItem","position":1,"name":"Ana sayfa","item":"https:\/\/canped.com\/en\/"},{"@type":"ListItem","position":2,"name":"About us","item":"https:\/\/canped.com\/en\/%d9%86%d8%a8%d8%b0%d8%a9-%d8%b9%d9%86%d8%a7\/"},{"@type":"ListItem","position":3,"name":"Information security policy"}]},{"@type":"WebSite","@id":"https:\/\/canped.com\/en\/#website","url":"https:\/\/canped.com\/en\/","name":"Canped","description":"Canped","publisher":{"@id":"https:\/\/canped.com\/en\/#organization"},"potentialAction":[{"@type":"SearchAction","target":{"@type":"EntryPoint","urlTemplate":"https:\/\/canped.com\/en\/?s={search_term_string}"},"query-input":{"@type":"PropertyValueSpecification","valueRequired":true,"valueName":"search_term_string"}}],"inLanguage":"en-US"},{"@type":"Organization","@id":"https:\/\/canped.com\/en\/#organization","name":"Canped","url":"https:\/\/canped.com\/en\/","logo":{"@type":"ImageObject","inLanguage":"en-US","@id":"https:\/\/canped.com\/en\/#\/schema\/logo\/image\/","url":"https:\/\/canped.com\/wp-content\/uploads\/2023\/07\/cropped-Frame-41-1.png","contentUrl":"https:\/\/canped.com\/wp-content\/uploads\/2023\/07\/cropped-Frame-41-1.png","width":512,"height":512,"caption":"Canped"},"image":{"@id":"https:\/\/canped.com\/en\/#\/schema\/logo\/image\/"},"sameAs":["https:\/\/www.facebook.com\/riskalmacanpedal\/"]}]}},"_links":{"self":[{"href":"https:\/\/canped.com\/en\/wp-json\/wp\/v2\/pages\/423","targetHints":{"allow":["GET"]}}],"collection":[{"href":"https:\/\/canped.com\/en\/wp-json\/wp\/v2\/pages"}],"about":[{"href":"https:\/\/canped.com\/en\/wp-json\/wp\/v2\/types\/page"}],"author":[{"embeddable":true,"href":"https:\/\/canped.com\/en\/wp-json\/wp\/v2\/users\/3"}],"replies":[{"embeddable":true,"href":"https:\/\/canped.com\/en\/wp-json\/wp\/v2\/comments?post=423"}],"version-history":[{"count":0,"href":"https:\/\/canped.com\/en\/wp-json\/wp\/v2\/pages\/423\/revisions"}],"up":[{"embeddable":true,"href":"https:\/\/canped.com\/en\/wp-json\/wp\/v2\/pages\/25"}],"wp:attachment":[{"href":"https:\/\/canped.com\/en\/wp-json\/wp\/v2\/media?parent=423"}],"wp:term":[{"taxonomy":"product-tags","embeddable":true,"href":"https:\/\/canped.com\/en\/wp-json\/wp\/v2\/product-tags?post=423"},{"taxonomy":"size","embeddable":true,"href":"https:\/\/canped.com\/en\/wp-json\/wp\/v2\/size?post=423"}],"curies":[{"name":"wp","href":"https:\/\/api.w.org\/{rel}","templated":true}]}}